{"id":1205,"date":"2026-03-12T20:09:55","date_gmt":"2026-03-12T20:09:55","guid":{"rendered":"https:\/\/www.vyskilluj.sk\/?page_id=1205"},"modified":"2026-03-14T19:57:26","modified_gmt":"2026-03-14T19:57:26","slug":"rodic-3","status":"publish","type":"page","link":"https:\/\/www.vyskilluj.sk\/en\/rodic-3","title":{"rendered":"Rodi\u010d 3"},"content":{"rendered":"<div data-elementor-type=\"wp-page\" data-elementor-id=\"1205\" class=\"elementor elementor-1205\">\n\t\t\t\t<div class=\"elementor-element elementor-element-684dfd7 e-flex e-con-boxed e-con e-parent\" data-id=\"684dfd7\" data-element_type=\"container\" id=\"Service\" data-settings=\"{&quot;background_background&quot;:&quot;classic&quot;}\">\n\t\t\t\t\t<div class=\"e-con-inner\">\n\t\t\t\t<div class=\"elementor-element elementor-element-38ac2e2f elementor-widget__width-initial elementor-widget-mobile__width-inherit elementor-widget-tablet__width-initial animated-slow elementor-invisible elementor-widget elementor-widget-elementskit-heading\" data-id=\"38ac2e2f\" data-element_type=\"widget\" data-settings=\"{&quot;_animation&quot;:&quot;fadeInUp&quot;}\" data-widget_type=\"elementskit-heading.default\">\n\t\t\t\t\t<div class=\"ekit-wid-con\" ><div class=\"ekit-heading elementskit-section-title-wraper text_center   ekit_heading_tablet-   ekit_heading_mobile-\"><h2 class=\"ekit-heading--title elementskit-section-title\">Vitaj pri uk\u00e1\u017ekov\u00fdch pr\u00edbehoch Vyskilluj!<\/h2><\/div><\/div>\t\t\t\t<\/div>\n\t\t<div class=\"elementor-element elementor-element-55cc4ea e-grid e-con-full e-con e-child\" data-id=\"55cc4ea\" data-element_type=\"container\">\n\t\t<div class=\"elementor-element elementor-element-40ec456 e-con-full e-flex e-con e-child\" data-id=\"40ec456\" data-element_type=\"container\">\n\t\t<div class=\"elementor-element elementor-element-1e60dc9 e-con-full e-flex e-con e-child\" data-id=\"1e60dc9\" data-element_type=\"container\" data-settings=\"{&quot;background_background&quot;:&quot;classic&quot;}\">\n\t\t\t\t<div class=\"elementor-element elementor-element-ba9a6fd elementor-widget elementor-widget-heading\" data-id=\"ba9a6fd\" data-element_type=\"widget\" data-widget_type=\"heading.default\">\n\t\t\t\t\t<h2 class=\"elementor-heading-title elementor-size-default\">Kr\u00e1tke rozcvi\u010dky<\/h2>\t\t\t\t<\/div>\n\t\t\t\t<div class=\"elementor-element elementor-element-388bf8a elementor-widget elementor-widget-text-editor\" data-id=\"388bf8a\" data-element_type=\"widget\" data-widget_type=\"text-editor.default\">\n\t\t\t\t\t\t\t\t\t<p class=\"p1\">Kr\u00e1tke epiz\u00f3dy s\u00fa ide\u00e1lne ako rann\u00e1 rozcvi\u010dka alebo kr\u00e1tka pohybov\u00e1 prest\u00e1vka po\u010das d\u0148a.<\/p><p class=\"p1\">Deti pom\u00e1haj\u00fa hrdinovi v pr\u00edbehu jednoduch\u00fdmi cvi\u010deniami a pritom sa prirodzene rozh\u00fdbu a dozvedia nie\u010do nov\u00e9.<\/p>\t\t\t\t\t\t\t\t<\/div>\n\t\t\t\t<\/div>\n\t\t\t\t<\/div>\n\t\t\t\t<div class=\"elementor-element elementor-element-4351459 elementor-widget elementor-widget-video\" data-id=\"4351459\" data-element_type=\"widget\" data-settings=\"{&quot;youtube_url&quot;:&quot;https:\\\/\\\/youtu.be\\\/0rqbTd0RUYs&quot;,&quot;video_type&quot;:&quot;youtube&quot;,&quot;controls&quot;:&quot;yes&quot;}\" data-widget_type=\"video.default\">\n\t\t\t\t\t\t\t<div class=\"elementor-wrapper elementor-open-inline\">\n\t\t\t<div class=\"elementor-video\"><\/div>\t\t<\/div>\n\t\t\t\t\t\t<\/div>\n\t\t\t\t<\/div>\n\t\t\t\t\t<\/div>\n\t\t\t\t<\/div>\n\t\t<div class=\"elementor-element elementor-element-17d50e1 e-flex e-con-boxed e-con e-parent\" data-id=\"17d50e1\" data-element_type=\"container\" id=\"screentime\" data-settings=\"{&quot;background_background&quot;:&quot;gradient&quot;}\">\n\t\t\t\t\t<div class=\"e-con-inner\">\n\t\t<div class=\"elementor-element elementor-element-03fdfc3 e-grid e-con-full e-con e-child\" data-id=\"03fdfc3\" data-element_type=\"container\">\n\t\t\t\t<div class=\"elementor-element elementor-element-ee74777 elementor-widget elementor-widget-video\" data-id=\"ee74777\" data-element_type=\"widget\" data-settings=\"{&quot;youtube_url&quot;:&quot;https:\\\/\\\/youtu.be\\\/xEeCSMjaAlQ&quot;,&quot;video_type&quot;:&quot;youtube&quot;,&quot;controls&quot;:&quot;yes&quot;}\" data-widget_type=\"video.default\">\n\t\t\t\t\t\t\t<div class=\"elementor-wrapper elementor-open-inline\">\n\t\t\t<div class=\"elementor-video\"><\/div>\t\t<\/div>\n\t\t\t\t\t\t<\/div>\n\t\t<div class=\"elementor-element elementor-element-84ae939 e-con-full e-flex e-con e-child\" data-id=\"84ae939\" data-element_type=\"container\">\n\t\t<div class=\"elementor-element elementor-element-c6ba8f8 e-con-full e-flex e-con e-child\" data-id=\"c6ba8f8\" data-element_type=\"container\" data-settings=\"{&quot;background_background&quot;:&quot;classic&quot;}\">\n\t\t\t\t<div class=\"elementor-element elementor-element-823e987 elementor-widget elementor-widget-heading\" data-id=\"823e987\" data-element_type=\"widget\" data-widget_type=\"heading.default\">\n\t\t\t\t\t<h2 class=\"elementor-heading-title elementor-size-default\">Pr\u00edbeh pre deti 3\u20138 rokov<\/h2>\t\t\t\t<\/div>\n\t\t\t\t<div class=\"elementor-element elementor-element-afb1741 elementor-widget elementor-widget-text-editor\" data-id=\"afb1741\" data-element_type=\"widget\" data-widget_type=\"text-editor.default\">\n\t\t\t\t\t\t\t\t\t<p class=\"p1\">Deti pom\u00e1haj\u00fa hlavn\u00e9mu hrdinovi plni\u0165 r\u00f4zne \u00falohy a prekon\u00e1va\u0165 v\u00fdzvy pomocou pohybu.<\/p><p class=\"p1\">Pr\u00edbeh je prisp\u00f4soben\u00fd mlad\u0161\u00edm de\u0165om a kombinuje z\u00e1bavu, pohyb a nov\u00e9 poznatky.<\/p>\t\t\t\t\t\t\t\t<\/div>\n\t\t\t\t<\/div>\n\t\t\t\t<\/div>\n\t\t\t\t<\/div>\n\t\t\t\t\t<\/div>\n\t\t\t\t<\/div>\n\t\t<div class=\"elementor-element elementor-element-113adb7 e-flex e-con-boxed e-con e-parent\" data-id=\"113adb7\" data-element_type=\"container\" id=\"pohyb\" data-settings=\"{&quot;background_background&quot;:&quot;gradient&quot;}\">\n\t\t\t\t\t<div class=\"e-con-inner\">\n\t\t<div class=\"elementor-element elementor-element-1afba73 e-con-full e-flex e-con e-child\" data-id=\"1afba73\" data-element_type=\"container\">\n\t\t<div class=\"elementor-element elementor-element-61ceb08 e-grid e-con-full e-con e-child\" data-id=\"61ceb08\" data-element_type=\"container\">\n\t\t<div class=\"elementor-element elementor-element-3aad944 e-con-full e-flex e-con e-child\" data-id=\"3aad944\" data-element_type=\"container\">\n\t\t<div class=\"elementor-element elementor-element-28d4da5 e-con-full e-flex e-con e-child\" data-id=\"28d4da5\" data-element_type=\"container\" data-settings=\"{&quot;background_background&quot;:&quot;classic&quot;}\">\n\t\t\t\t<div class=\"elementor-element elementor-element-d1830fb elementor-widget elementor-widget-heading\" data-id=\"d1830fb\" data-element_type=\"widget\" data-widget_type=\"heading.default\">\n\t\t\t\t\t<h2 class=\"elementor-heading-title elementor-size-default\">Pr\u00edbeh pre deti 8\u201312 rokov<\/h2>\t\t\t\t<\/div>\n\t\t\t\t<div class=\"elementor-element elementor-element-4e16b7e elementor-widget elementor-widget-text-editor\" data-id=\"4e16b7e\" data-element_type=\"widget\" data-widget_type=\"text-editor.default\">\n\t\t\t\t\t\t\t\t\t<p class=\"p1\">Dlh\u0161ie epiz\u00f3dy prin\u00e1\u0161aj\u00fa nap\u00ednav\u00fd pr\u00edbeh, v ktorom deti pom\u00e1haj\u00fa hrdinovi prekon\u00e1va\u0165 prek\u00e1\u017eky pomocou r\u00f4znych pohybov\u00fdch \u00faloh.<\/p><p class=\"p1\">Aktivita podporuje s\u00fastredenie, pohyb a zapojenie do deja.<\/p>\t\t\t\t\t\t\t\t<\/div>\n\t\t\t\t<\/div>\n\t\t\t\t<\/div>\n\t\t\t\t<div class=\"elementor-element elementor-element-6fc9fc5 elementor-widget elementor-widget-video\" data-id=\"6fc9fc5\" data-element_type=\"widget\" data-settings=\"{&quot;youtube_url&quot;:&quot;https:\\\/\\\/youtu.be\\\/oTuzzzM8SSc&quot;,&quot;video_type&quot;:&quot;youtube&quot;,&quot;controls&quot;:&quot;yes&quot;}\" data-widget_type=\"video.default\">\n\t\t\t\t\t\t\t<div class=\"elementor-wrapper elementor-open-inline\">\n\t\t\t<div class=\"elementor-video\"><\/div>\t\t<\/div>\n\t\t\t\t\t\t<\/div>\n\t\t\t\t<\/div>\n\t\t\t\t<\/div>\n\t\t\t\t\t<\/div>\n\t\t\t\t<\/div>\n\t\t<div class=\"elementor-element elementor-element-c237d43 e-flex e-con-boxed e-con e-parent\" data-id=\"c237d43\" data-element_type=\"container\" data-settings=\"{&quot;background_background&quot;:&quot;gradient&quot;}\">\n\t\t\t\t\t<div class=\"e-con-inner\">\n\t\t<div class=\"elementor-element elementor-element-ec5b4d6 e-grid e-con-full e-con e-child\" data-id=\"ec5b4d6\" data-element_type=\"container\">\n\t\t\t\t<div class=\"elementor-element elementor-element-6d7f698 elementor-widget elementor-widget-video\" data-id=\"6d7f698\" data-element_type=\"widget\" data-settings=\"{&quot;youtube_url&quot;:&quot;https:\\\/\\\/youtu.be\\\/y1AY-Siap7c&quot;,&quot;video_type&quot;:&quot;youtube&quot;,&quot;controls&quot;:&quot;yes&quot;}\" data-widget_type=\"video.default\">\n\t\t\t\t\t\t\t<div class=\"elementor-wrapper elementor-open-inline\">\n\t\t\t<div class=\"elementor-video\"><\/div>\t\t<\/div>\n\t\t\t\t\t\t<\/div>\n\t\t<div class=\"elementor-element elementor-element-16a46e9 e-con-full e-flex e-con e-child\" data-id=\"16a46e9\" data-element_type=\"container\">\n\t\t<div class=\"elementor-element elementor-element-3ca7471 e-con-full e-flex e-con e-child\" data-id=\"3ca7471\" data-element_type=\"container\" data-settings=\"{&quot;background_background&quot;:&quot;classic&quot;}\">\n\t\t\t\t<div class=\"elementor-element elementor-element-fa49522 elementor-widget elementor-widget-heading\" data-id=\"fa49522\" data-element_type=\"widget\" data-widget_type=\"heading.default\">\n\t\t\t\t\t<h2 class=\"elementor-heading-title elementor-size-default\">Anglick\u00e1 verzia<\/h2>\t\t\t\t<\/div>\n\t\t\t\t<div class=\"elementor-element elementor-element-4a42270 elementor-widget elementor-widget-text-editor\" data-id=\"4a42270\" data-element_type=\"widget\" data-widget_type=\"text-editor.default\">\n\t\t\t\t\t\t\t\t\t<p class=\"p1\">Niektor\u00e9 epiz\u00f3dy s\u00fa dostupn\u00e9 aj v angli\u010dtine.<\/p><p class=\"p1\">Deti si tak m\u00f4\u017eu popri pohybe prirodzene rozv\u00edja\u0165 aj jazykov\u00e9 zru\u010dnosti.<\/p>\t\t\t\t\t\t\t\t<\/div>\n\t\t\t\t<\/div>\n\t\t\t\t<\/div>\n\t\t\t\t<\/div>\n\t\t\t\t\t<\/div>\n\t\t\t\t<\/div>\n\t\t<div class=\"elementor-element elementor-element-c6cbfa9 e-flex e-con-boxed e-con e-parent\" data-id=\"c6cbfa9\" data-element_type=\"container\" id=\"fyzio\" data-settings=\"{&quot;background_background&quot;:&quot;gradient&quot;}\">\n\t\t\t\t\t<div class=\"e-con-inner\">\n\t\t\t\t<div class=\"elementor-element elementor-element-f1954a1 elementor-widget elementor-widget-heading\" data-id=\"f1954a1\" data-element_type=\"widget\" data-widget_type=\"heading.default\">\n\t\t\t\t\t<h2 class=\"elementor-heading-title elementor-size-default\">Chce\u0161 z\u00edska\u0165 pr\u00edstupu k desiatkam \u010fal\u0161\u00edch interakt\u00edvnych rozpr\u00e1vok Vyskilluj?<\/h2>\t\t\t\t<\/div>\n\t\t<div class=\"elementor-element elementor-element-884a848 e-grid e-con-full e-con e-child\" data-id=\"884a848\" data-element_type=\"container\">\n\t\t<div class=\"elementor-element elementor-element-430133e e-con-full e-flex e-con e-child\" data-id=\"430133e\" data-element_type=\"container\">\n\t\t\t\t<div class=\"elementor-element elementor-element-649d0bb elementor-widget elementor-widget-image\" data-id=\"649d0bb\" data-element_type=\"widget\" data-widget_type=\"image.default\">\n\t\t\t\t\t\t\t\t\t\t\t\t\t\t\t<img fetchpriority=\"high\" decoding=\"async\" width=\"1490\" height=\"1028\" src=\"https:\/\/www.vyskilluj.sk\/wp-content\/uploads\/2026\/03\/screenshot-clenskej-sekcie.jpg\" class=\"attachment-full size-full wp-image-1360\" alt=\"\" srcset=\"https:\/\/www.vyskilluj.sk\/wp-content\/uploads\/2026\/03\/screenshot-clenskej-sekcie.jpg 1490w, https:\/\/www.vyskilluj.sk\/wp-content\/uploads\/2026\/03\/screenshot-clenskej-sekcie-300x207.jpg 300w, https:\/\/www.vyskilluj.sk\/wp-content\/uploads\/2026\/03\/screenshot-clenskej-sekcie-1024x706.jpg 1024w, https:\/\/www.vyskilluj.sk\/wp-content\/uploads\/2026\/03\/screenshot-clenskej-sekcie-768x530.jpg 768w, https:\/\/www.vyskilluj.sk\/wp-content\/uploads\/2026\/03\/screenshot-clenskej-sekcie-18x12.jpg 18w\" sizes=\"(max-width: 1490px) 100vw, 1490px\" \/>\t\t\t\t\t\t\t\t\t\t\t\t\t\t\t<\/div>\n\t\t\t\t<div class=\"elementor-element elementor-element-06fad7e elementor-widget elementor-widget-heading\" data-id=\"06fad7e\" data-element_type=\"widget\" data-widget_type=\"heading.default\">\n\t\t\t\t\t<h2 class=\"elementor-heading-title elementor-size-default\">Z\u00edskaj pln\u00fd pr\u00edstup na 14 dn\u00ed zadarmo<\/h2>\t\t\t\t<\/div>\n\t\t\t\t<div class=\"elementor-element elementor-element-8a621ea elementor-widget elementor-widget-text-editor\" data-id=\"8a621ea\" data-element_type=\"widget\" data-widget_type=\"text-editor.default\">\n\t\t\t\t\t\t\t\t\t<p class=\"p1\">Potom len 9,90 \u20ac mesa\u010dne. Predplatn\u00e9 m\u00f4\u017ee\u0161 kedyko\u013evek zru\u0161i\u0165.<\/p>\t\t\t\t\t\t\t\t<\/div>\n\t\t\t\t<div class=\"elementor-element elementor-element-17f7ce7 elementor-align-center elementor-widget elementor-widget-button\" data-id=\"17f7ce7\" data-element_type=\"widget\" data-widget_type=\"button.default\">\n\t\t\t\t\t\t\t\t\t\t<a class=\"elementor-button elementor-button-link elementor-size-sm\" href=\"https:\/\/buy.stripe.com\/eVqdRb2Rh4OJ0CL7va9oc00\">\n\t\t\t\t\t\t<span class=\"elementor-button-content-wrapper\">\n\t\t\t\t\t\t\t\t\t<span class=\"elementor-button-text\">Get full access<\/span>\n\t\t\t\t\t<\/span>\n\t\t\t\t\t<\/a>\n\t\t\t\t\t\t\t\t<\/div>\n\t\t\t\t<\/div>\n\t\t\t\t<\/div>\n\t\t\t\t\t<\/div>\n\t\t\t\t<\/div>\n\t\t\t\t<\/div>","protected":false},"excerpt":{"rendered":"<p>Vitaj pri uk\u00e1\u017ekov\u00fdch pr\u00edbehoch Vyskilluj! Kr\u00e1tke rozcvi\u010dky Kr\u00e1tke epiz\u00f3dy s\u00fa ide\u00e1lne ako rann\u00e1 rozcvi\u010dka alebo kr\u00e1tka pohybov\u00e1 prest\u00e1vka po\u010das d\u0148a. Deti pom\u00e1haj\u00fa hrdinovi v pr\u00edbehu jednoduch\u00fdmi cvi\u010deniami a pritom sa prirodzene rozh\u00fdbu a dozvedia nie\u010do nov\u00e9. https:\/\/youtu.be\/0rqbTd0RUYshttps:\/\/youtu.be\/xEeCSMjaAlQ Pr\u00edbeh pre deti 3\u20138 rokov Deti pom\u00e1haj\u00fa hlavn\u00e9mu hrdinovi plni\u0165 r\u00f4zne \u00falohy a prekon\u00e1va\u0165 v\u00fdzvy pomocou pohybu. Pr\u00edbeh [&hellip;]<\/p>","protected":false},"author":1,"featured_media":0,"parent":0,"menu_order":0,"comment_status":"closed","ping_status":"closed","template":"","meta":{"footnotes":""},"class_list":["post-1205","page","type-page","status-publish","hentry"],"yoast_head":"<!-- This site is optimized with the Yoast SEO plugin v25.5 - https:\/\/yoast.com\/wordpress\/plugins\/seo\/ -->\n<title>Rodi\u010d 3 - Vyskilluj<\/title>\n<meta name=\"robots\" content=\"index, follow, max-snippet:-1, max-image-preview:large, max-video-preview:-1\" \/>\n<link rel=\"canonical\" href=\"https:\/\/www.vyskilluj.sk\/en\/rodic-3\/\" \/>\n<meta property=\"og:locale\" content=\"en_US\" \/>\n<meta property=\"og:type\" content=\"article\" \/>\n<meta property=\"og:title\" content=\"Rodi\u010d 3 - Vyskilluj\" \/>\n<meta property=\"og:description\" content=\"Vitaj pri uk\u00e1\u017ekov\u00fdch pr\u00edbehoch Vyskilluj! Kr\u00e1tke rozcvi\u010dky Kr\u00e1tke epiz\u00f3dy s\u00fa ide\u00e1lne ako rann\u00e1 rozcvi\u010dka alebo kr\u00e1tka pohybov\u00e1 prest\u00e1vka po\u010das d\u0148a. Deti pom\u00e1haj\u00fa hrdinovi v pr\u00edbehu jednoduch\u00fdmi cvi\u010deniami a pritom sa prirodzene rozh\u00fdbu a dozvedia nie\u010do nov\u00e9. https:\/\/youtu.be\/0rqbTd0RUYshttps:\/\/youtu.be\/xEeCSMjaAlQ Pr\u00edbeh pre deti 3\u20138 rokov Deti pom\u00e1haj\u00fa hlavn\u00e9mu hrdinovi plni\u0165 r\u00f4zne \u00falohy a prekon\u00e1va\u0165 v\u00fdzvy pomocou pohybu. Pr\u00edbeh [&hellip;]\" \/>\n<meta property=\"og:url\" content=\"https:\/\/www.vyskilluj.sk\/en\/rodic-3\/\" \/>\n<meta property=\"og:site_name\" content=\"Vyskilluj\" \/>\n<meta property=\"article:modified_time\" content=\"2026-03-14T19:57:26+00:00\" \/>\n<meta property=\"og:image\" content=\"https:\/\/www.vyskilluj.sk\/wp-content\/uploads\/2026\/03\/screenshot-clenskej-sekcie.jpg\" \/>\n<meta name=\"twitter:card\" content=\"summary_large_image\" \/>\n<meta name=\"twitter:label1\" content=\"Est. reading time\" \/>\n\t<meta name=\"twitter:data1\" content=\"1 minute\" \/>\n<script type=\"application\/ld+json\" class=\"yoast-schema-graph\">{\"@context\":\"https:\/\/schema.org\",\"@graph\":[{\"@type\":\"WebPage\",\"@id\":\"https:\/\/www.vyskilluj.sk\/rodic-3\",\"url\":\"https:\/\/www.vyskilluj.sk\/rodic-3\",\"name\":\"Rodi\u010d 3 - Vyskilluj\",\"isPartOf\":{\"@id\":\"https:\/\/www.vyskilluj.sk\/#website\"},\"primaryImageOfPage\":{\"@id\":\"https:\/\/www.vyskilluj.sk\/rodic-3#primaryimage\"},\"image\":{\"@id\":\"https:\/\/www.vyskilluj.sk\/rodic-3#primaryimage\"},\"thumbnailUrl\":\"https:\/\/www.vyskilluj.sk\/wp-content\/uploads\/2026\/03\/screenshot-clenskej-sekcie.jpg\",\"datePublished\":\"2026-03-12T20:09:55+00:00\",\"dateModified\":\"2026-03-14T19:57:26+00:00\",\"breadcrumb\":{\"@id\":\"https:\/\/www.vyskilluj.sk\/rodic-3#breadcrumb\"},\"inLanguage\":\"en-US\",\"potentialAction\":[{\"@type\":\"ReadAction\",\"target\":[\"https:\/\/www.vyskilluj.sk\/rodic-3\"]}]},{\"@type\":\"ImageObject\",\"inLanguage\":\"en-US\",\"@id\":\"https:\/\/www.vyskilluj.sk\/rodic-3#primaryimage\",\"url\":\"https:\/\/www.vyskilluj.sk\/wp-content\/uploads\/2026\/03\/screenshot-clenskej-sekcie.jpg\",\"contentUrl\":\"https:\/\/www.vyskilluj.sk\/wp-content\/uploads\/2026\/03\/screenshot-clenskej-sekcie.jpg\"},{\"@type\":\"BreadcrumbList\",\"@id\":\"https:\/\/www.vyskilluj.sk\/rodic-3#breadcrumb\",\"itemListElement\":[{\"@type\":\"ListItem\",\"position\":1,\"name\":\"Domovsk\u00e1 str\u00e1nka\",\"item\":\"https:\/\/www.vyskilluj.sk\/\"},{\"@type\":\"ListItem\",\"position\":2,\"name\":\"Rodi\u010d 3\"}]},{\"@type\":\"WebSite\",\"@id\":\"https:\/\/www.vyskilluj.sk\/#website\",\"url\":\"https:\/\/www.vyskilluj.sk\/\",\"name\":\"Vyskilluj\",\"description\":\"Interakt\u00edvne pr\u00edbehy pre rozvoj det\u00ed\",\"publisher\":{\"@id\":\"https:\/\/www.vyskilluj.sk\/#organization\"},\"potentialAction\":[{\"@type\":\"SearchAction\",\"target\":{\"@type\":\"EntryPoint\",\"urlTemplate\":\"https:\/\/www.vyskilluj.sk\/?s={search_term_string}\"},\"query-input\":{\"@type\":\"PropertyValueSpecification\",\"valueRequired\":true,\"valueName\":\"search_term_string\"}}],\"inLanguage\":\"en-US\"},{\"@type\":\"Organization\",\"@id\":\"https:\/\/www.vyskilluj.sk\/#organization\",\"name\":\"Vyskilluj\",\"url\":\"https:\/\/www.vyskilluj.sk\/\",\"logo\":{\"@type\":\"ImageObject\",\"inLanguage\":\"en-US\",\"@id\":\"https:\/\/www.vyskilluj.sk\/#\/schema\/logo\/image\/\",\"url\":\"https:\/\/www.vyskilluj.sk\/wp-content\/uploads\/2025\/07\/logo-na-web.png\",\"contentUrl\":\"https:\/\/www.vyskilluj.sk\/wp-content\/uploads\/2025\/07\/logo-na-web.png\",\"width\":350,\"height\":100,\"caption\":\"Vyskilluj\"},\"image\":{\"@id\":\"https:\/\/www.vyskilluj.sk\/#\/schema\/logo\/image\/\"}}]}<\/script>\n<!-- \/ Yoast SEO plugin. -->","yoast_head_json":{"title":"Rodi\u010d 3 - Vyskilluj","robots":{"index":"index","follow":"follow","max-snippet":"max-snippet:-1","max-image-preview":"max-image-preview:large","max-video-preview":"max-video-preview:-1"},"canonical":"https:\/\/www.vyskilluj.sk\/en\/rodic-3\/","og_locale":"en_US","og_type":"article","og_title":"Rodi\u010d 3 - Vyskilluj","og_description":"Vitaj pri uk\u00e1\u017ekov\u00fdch pr\u00edbehoch Vyskilluj! Kr\u00e1tke rozcvi\u010dky Kr\u00e1tke epiz\u00f3dy s\u00fa ide\u00e1lne ako rann\u00e1 rozcvi\u010dka alebo kr\u00e1tka pohybov\u00e1 prest\u00e1vka po\u010das d\u0148a. Deti pom\u00e1haj\u00fa hrdinovi v pr\u00edbehu jednoduch\u00fdmi cvi\u010deniami a pritom sa prirodzene rozh\u00fdbu a dozvedia nie\u010do nov\u00e9. https:\/\/youtu.be\/0rqbTd0RUYshttps:\/\/youtu.be\/xEeCSMjaAlQ Pr\u00edbeh pre deti 3\u20138 rokov Deti pom\u00e1haj\u00fa hlavn\u00e9mu hrdinovi plni\u0165 r\u00f4zne \u00falohy a prekon\u00e1va\u0165 v\u00fdzvy pomocou pohybu. Pr\u00edbeh [&hellip;]","og_url":"https:\/\/www.vyskilluj.sk\/en\/rodic-3\/","og_site_name":"Vyskilluj","article_modified_time":"2026-03-14T19:57:26+00:00","og_image":[{"url":"https:\/\/www.vyskilluj.sk\/wp-content\/uploads\/2026\/03\/screenshot-clenskej-sekcie.jpg","type":"","width":"","height":""}],"twitter_card":"summary_large_image","twitter_misc":{"Est. reading time":"1 minute"},"schema":{"@context":"https:\/\/schema.org","@graph":[{"@type":"WebPage","@id":"https:\/\/www.vyskilluj.sk\/rodic-3","url":"https:\/\/www.vyskilluj.sk\/rodic-3","name":"Rodi\u010d 3 - Vyskilluj","isPartOf":{"@id":"https:\/\/www.vyskilluj.sk\/#website"},"primaryImageOfPage":{"@id":"https:\/\/www.vyskilluj.sk\/rodic-3#primaryimage"},"image":{"@id":"https:\/\/www.vyskilluj.sk\/rodic-3#primaryimage"},"thumbnailUrl":"https:\/\/www.vyskilluj.sk\/wp-content\/uploads\/2026\/03\/screenshot-clenskej-sekcie.jpg","datePublished":"2026-03-12T20:09:55+00:00","dateModified":"2026-03-14T19:57:26+00:00","breadcrumb":{"@id":"https:\/\/www.vyskilluj.sk\/rodic-3#breadcrumb"},"inLanguage":"en-US","potentialAction":[{"@type":"ReadAction","target":["https:\/\/www.vyskilluj.sk\/rodic-3"]}]},{"@type":"ImageObject","inLanguage":"en-US","@id":"https:\/\/www.vyskilluj.sk\/rodic-3#primaryimage","url":"https:\/\/www.vyskilluj.sk\/wp-content\/uploads\/2026\/03\/screenshot-clenskej-sekcie.jpg","contentUrl":"https:\/\/www.vyskilluj.sk\/wp-content\/uploads\/2026\/03\/screenshot-clenskej-sekcie.jpg"},{"@type":"BreadcrumbList","@id":"https:\/\/www.vyskilluj.sk\/rodic-3#breadcrumb","itemListElement":[{"@type":"ListItem","position":1,"name":"Domovsk\u00e1 str\u00e1nka","item":"https:\/\/www.vyskilluj.sk\/"},{"@type":"ListItem","position":2,"name":"Rodi\u010d 3"}]},{"@type":"WebSite","@id":"https:\/\/www.vyskilluj.sk\/#website","url":"https:\/\/www.vyskilluj.sk\/","name":"Vyskilluj","description":"Interakt\u00edvne pr\u00edbehy pre rozvoj det\u00ed","publisher":{"@id":"https:\/\/www.vyskilluj.sk\/#organization"},"potentialAction":[{"@type":"SearchAction","target":{"@type":"EntryPoint","urlTemplate":"https:\/\/www.vyskilluj.sk\/?s={search_term_string}"},"query-input":{"@type":"PropertyValueSpecification","valueRequired":true,"valueName":"search_term_string"}}],"inLanguage":"en-US"},{"@type":"Organization","@id":"https:\/\/www.vyskilluj.sk\/#organization","name":"Vyskilluj","url":"https:\/\/www.vyskilluj.sk\/","logo":{"@type":"ImageObject","inLanguage":"en-US","@id":"https:\/\/www.vyskilluj.sk\/#\/schema\/logo\/image\/","url":"https:\/\/www.vyskilluj.sk\/wp-content\/uploads\/2025\/07\/logo-na-web.png","contentUrl":"https:\/\/www.vyskilluj.sk\/wp-content\/uploads\/2025\/07\/logo-na-web.png","width":350,"height":100,"caption":"Vyskilluj"},"image":{"@id":"https:\/\/www.vyskilluj.sk\/#\/schema\/logo\/image\/"}}]}},"_links":{"self":[{"href":"https:\/\/www.vyskilluj.sk\/en\/wp-json\/wp\/v2\/pages\/1205","targetHints":{"allow":["GET"]}}],"collection":[{"href":"https:\/\/www.vyskilluj.sk\/en\/wp-json\/wp\/v2\/pages"}],"about":[{"href":"https:\/\/www.vyskilluj.sk\/en\/wp-json\/wp\/v2\/types\/page"}],"author":[{"embeddable":true,"href":"https:\/\/www.vyskilluj.sk\/en\/wp-json\/wp\/v2\/users\/1"}],"replies":[{"embeddable":true,"href":"https:\/\/www.vyskilluj.sk\/en\/wp-json\/wp\/v2\/comments?post=1205"}],"version-history":[{"count":0,"href":"https:\/\/www.vyskilluj.sk\/en\/wp-json\/wp\/v2\/pages\/1205\/revisions"}],"wp:attachment":[{"href":"https:\/\/www.vyskilluj.sk\/en\/wp-json\/wp\/v2\/media?parent=1205"}],"curies":[{"name":"wp","href":"https:\/\/api.w.org\/{rel}","templated":true}]}}