{"id":1226,"date":"2026-03-13T11:26:34","date_gmt":"2026-03-13T11:26:34","guid":{"rendered":"https:\/\/www.vyskilluj.sk\/?page_id=1226"},"modified":"2026-03-13T11:34:09","modified_gmt":"2026-03-13T11:34:09","slug":"ucitel-2","status":"publish","type":"page","link":"https:\/\/www.vyskilluj.sk\/en\/ucitel-2","title":{"rendered":"U\u010dite\u013e 2"},"content":{"rendered":"<div data-elementor-type=\"wp-page\" data-elementor-id=\"1226\" class=\"elementor elementor-1226\">\n\t\t\t\t<div class=\"elementor-element elementor-element-684dfd7 e-flex e-con-boxed e-con e-parent\" data-id=\"684dfd7\" data-element_type=\"container\" id=\"Service\" data-settings=\"{&quot;background_background&quot;:&quot;classic&quot;}\">\n\t\t\t\t\t<div class=\"e-con-inner\">\n\t\t\t\t<div class=\"elementor-element elementor-element-38ac2e2f elementor-widget__width-initial elementor-widget-mobile__width-inherit elementor-widget-tablet__width-initial animated-slow elementor-invisible elementor-widget elementor-widget-elementskit-heading\" data-id=\"38ac2e2f\" data-element_type=\"widget\" data-settings=\"{&quot;_animation&quot;:&quot;fadeInUp&quot;}\" data-widget_type=\"elementskit-heading.default\">\n\t\t\t\t\t<div class=\"ekit-wid-con\" ><div class=\"ekit-heading elementskit-section-title-wraper text_center   ekit_heading_tablet-   ekit_heading_mobile-\"><h2 class=\"ekit-heading--title elementskit-section-title\">U\u017e len posledn\u00fd krok!<\/h2><\/div><\/div>\t\t\t\t<\/div>\n\t\t\t\t<div class=\"elementor-element elementor-element-790489d elementor-widget elementor-widget-text-editor\" data-id=\"790489d\" data-element_type=\"widget\" data-widget_type=\"text-editor.default\">\n\t\t\t\t\t\t\t\t\t<p>Zadaj e-mail a z\u00edskaj pr\u00edstup k demo uk\u00e1\u017ekam.<\/p>\t\t\t\t\t\t\t\t<\/div>\n\t\t<div class=\"elementor-element elementor-element-05d83b9 e-con-full e-flex e-con e-child\" data-id=\"05d83b9\" data-element_type=\"container\">\n\t\t\t\t<div class=\"elementor-element elementor-element-02b4fd9 elementor-widget elementor-widget-shortcode\" data-id=\"02b4fd9\" data-element_type=\"widget\" data-widget_type=\"shortcode.default\">\n\t\t\t\t\t\t\t<div class=\"elementor-shortcode\"><div class=\"forminator-ui forminator-custom-form forminator-custom-form-1218 forminator-design--default  forminator_ajax\" data-forminator-render=\"0\" data-form=\"forminator-module-1218\" data-uid=\"69ed005c98fe1\"><br\/><\/div><form\n\t\t\t\tid=\"forminator-module-1218\"\n\t\t\t\tclass=\"forminator-ui forminator-custom-form forminator-custom-form-1218 forminator-design--default  forminator_ajax\"\n\t\t\t\tmethod=\"post\"\n\t\t\t\tdata-forminator-render=\"0\"\n\t\t\t\tdata-form-id=\"1218\"\n\t\t\t\t data-color-option=\"theme\" data-design=\"default\" data-grid=\"open\" style=\"display: none;\"\n\t\t\t\tdata-uid=\"69ed005c98fe1\" action=\"\"\n\t\t\t><div role=\"alert\" aria-live=\"polite\" class=\"forminator-response-message forminator-error\" aria-hidden=\"true\"><\/div><div class=\"forminator-row\"><div id=\"email-1\" class=\"forminator-field-email forminator-col forminator-col-12\"><div class=\"forminator-field\"><label for=\"forminator-field-email-1_69ed005c98fe1\" id=\"forminator-field-email-1_69ed005c98fe1-label\" class=\"forminator-label\">Email <span class=\"forminator-required\">*<\/span><\/label><input type=\"email\" name=\"email-1\" value=\"\" placeholder=\"\" id=\"forminator-field-email-1_69ed005c98fe1\" class=\"forminator-input forminator-email--field\" data-required=\"1\" aria-required=\"true\" autocomplete=\"email\" \/><\/div><\/div><\/div><input type=\"hidden\" name=\"referer_url\" value=\"\" \/><div class=\"forminator-row forminator-row-last\"><div class=\"forminator-col\"><div class=\"forminator-field\"><button class=\"forminator-button forminator-button-submit\">Continue<\/button><\/div><\/div><\/div><input type=\"hidden\" id=\"forminator_nonce\" name=\"forminator_nonce\" value=\"99ba46d0f9\" \/><input type=\"hidden\" name=\"_wp_http_referer\" value=\"\/en\/wp-json\/wp\/v2\/pages\/1226\" \/><input type=\"hidden\" name=\"form_id\" value=\"1218\"><input type=\"hidden\" name=\"page_id\" value=\"1226\"><input type=\"hidden\" name=\"form_type\" value=\"default\"><input type=\"hidden\" name=\"current_url\" value=\"https:\/\/www.vyskilluj.sk\/en\/ucitel-2\"><input type=\"hidden\" name=\"render_id\" value=\"0\"><input type=\"hidden\" name=\"action\" value=\"forminator_submit_form_custom-forms\"><input type=\"hidden\" name=\"trp-form-language\" value=\"en\"\/><\/form><\/div>\n\t\t\t\t\t\t<\/div>\n\t\t\t\t<div class=\"elementor-element elementor-element-0185e37 elementor-widget elementor-widget-text-editor\" data-id=\"0185e37\" data-element_type=\"widget\" data-widget_type=\"text-editor.default\">\n\t\t\t\t\t\t\t\t\t<p>Kliknut\u00edm na &#8222;Pokra\u010dova\u0165&#8220; s\u00fahlas\u00ed\u0161 so spracovan\u00edm osobn\u00fdch \u00fadajov na marketingov\u00e9 \u00fa\u010dely v zmysle na\u0161ich <a href=\"https:\/\/www.vyskilluj.sk\/en\/gdpr\/\">podmienok<\/a><\/p>\t\t\t\t\t\t\t\t<\/div>\n\t\t<div class=\"elementor-element elementor-element-0967fef e-con-full e-flex e-con e-child\" data-id=\"0967fef\" data-element_type=\"container\">\n\t\t\t\t<div class=\"elementor-element elementor-element-32d9c40 elementor-widget elementor-widget-text-editor\" data-id=\"32d9c40\" data-element_type=\"widget\" data-widget_type=\"text-editor.default\">\n\t\t\t\t\t\t\t\t\t<p>Alebo z\u00edskaj pr\u00edstup ku v\u0161etk\u00fdm pr\u00edbehom pre tvoju \u0161kolu na 14 dn\u00ed zadarmo<\/p>\t\t\t\t\t\t\t\t<\/div>\n\t\t\t\t<div class=\"elementor-element elementor-element-32d0eb9 elementor-align-center elementor-widget elementor-widget-button\" data-id=\"32d0eb9\" data-element_type=\"widget\" data-widget_type=\"button.default\">\n\t\t\t\t\t\t\t\t\t\t<a class=\"elementor-button elementor-button-link elementor-size-sm\" href=\"https:\/\/www.vyskilluj.sk\/en\/ucitel-4\/\">\n\t\t\t\t\t\t<span class=\"elementor-button-content-wrapper\">\n\t\t\t\t\t\t\t\t\t<span class=\"elementor-button-text\">Get full access<\/span>\n\t\t\t\t\t<\/span>\n\t\t\t\t\t<\/a>\n\t\t\t\t\t\t\t\t<\/div>\n\t\t\t\t<\/div>\n\t\t\t\t<\/div>\n\t\t\t\t\t<\/div>\n\t\t\t\t<\/div>\n\t\t\t\t<\/div>","protected":false},"excerpt":{"rendered":"<p>U\u017e len posledn\u00fd krok! Zadaj e-mail a z\u00edskaj pr\u00edstup k demo uk\u00e1\u017ekam. Kliknut\u00edm na &#8222;Pokra\u010dova\u0165&#8220; s\u00fahlas\u00ed\u0161 so spracovan\u00edm osobn\u00fdch \u00fadajov na marketingov\u00e9 \u00fa\u010dely v zmysle na\u0161ich podmienok Alebo z\u00edskaj pr\u00edstup ku v\u0161etk\u00fdm pr\u00edbehom pre tvoju \u0161kolu na 14 dn\u00ed zadarmo Z\u00edska\u0165 pln\u00fd pr\u00edstup<\/p>","protected":false},"author":1,"featured_media":0,"parent":0,"menu_order":0,"comment_status":"closed","ping_status":"closed","template":"","meta":{"footnotes":""},"class_list":["post-1226","page","type-page","status-publish","hentry"],"yoast_head":"<!-- This site is optimized with the Yoast SEO plugin v25.5 - https:\/\/yoast.com\/wordpress\/plugins\/seo\/ -->\n<title>U\u010dite\u013e 2 - Vyskilluj<\/title>\n<meta name=\"robots\" content=\"index, follow, max-snippet:-1, max-image-preview:large, max-video-preview:-1\" \/>\n<link rel=\"canonical\" href=\"https:\/\/www.vyskilluj.sk\/en\/ucitel-2\/\" \/>\n<meta property=\"og:locale\" content=\"en_US\" \/>\n<meta property=\"og:type\" content=\"article\" \/>\n<meta property=\"og:title\" content=\"U\u010dite\u013e 2 - Vyskilluj\" \/>\n<meta property=\"og:description\" content=\"U\u017e len posledn\u00fd krok! Zadaj e-mail a z\u00edskaj pr\u00edstup k demo uk\u00e1\u017ekam. Kliknut\u00edm na &#8222;Pokra\u010dova\u0165&#8220; s\u00fahlas\u00ed\u0161 so spracovan\u00edm osobn\u00fdch \u00fadajov na marketingov\u00e9 \u00fa\u010dely v zmysle na\u0161ich podmienok Alebo z\u00edskaj pr\u00edstup ku v\u0161etk\u00fdm pr\u00edbehom pre tvoju \u0161kolu na 14 dn\u00ed zadarmo Z\u00edska\u0165 pln\u00fd pr\u00edstup\" \/>\n<meta property=\"og:url\" content=\"https:\/\/www.vyskilluj.sk\/en\/ucitel-2\/\" \/>\n<meta property=\"og:site_name\" content=\"Vyskilluj\" \/>\n<meta property=\"article:modified_time\" content=\"2026-03-13T11:34:09+00:00\" \/>\n<meta name=\"twitter:card\" content=\"summary_large_image\" \/>\n<meta name=\"twitter:label1\" content=\"Est. reading time\" \/>\n\t<meta name=\"twitter:data1\" content=\"1 minute\" \/>\n<script type=\"application\/ld+json\" class=\"yoast-schema-graph\">{\"@context\":\"https:\/\/schema.org\",\"@graph\":[{\"@type\":\"WebPage\",\"@id\":\"https:\/\/www.vyskilluj.sk\/ucitel-2\",\"url\":\"https:\/\/www.vyskilluj.sk\/ucitel-2\",\"name\":\"U\u010dite\u013e 2 - Vyskilluj\",\"isPartOf\":{\"@id\":\"https:\/\/www.vyskilluj.sk\/#website\"},\"datePublished\":\"2026-03-13T11:26:34+00:00\",\"dateModified\":\"2026-03-13T11:34:09+00:00\",\"breadcrumb\":{\"@id\":\"https:\/\/www.vyskilluj.sk\/ucitel-2#breadcrumb\"},\"inLanguage\":\"en-US\",\"potentialAction\":[{\"@type\":\"ReadAction\",\"target\":[\"https:\/\/www.vyskilluj.sk\/ucitel-2\"]}]},{\"@type\":\"BreadcrumbList\",\"@id\":\"https:\/\/www.vyskilluj.sk\/ucitel-2#breadcrumb\",\"itemListElement\":[{\"@type\":\"ListItem\",\"position\":1,\"name\":\"Domovsk\u00e1 str\u00e1nka\",\"item\":\"https:\/\/www.vyskilluj.sk\/\"},{\"@type\":\"ListItem\",\"position\":2,\"name\":\"U\u010dite\u013e 2\"}]},{\"@type\":\"WebSite\",\"@id\":\"https:\/\/www.vyskilluj.sk\/#website\",\"url\":\"https:\/\/www.vyskilluj.sk\/\",\"name\":\"Vyskilluj\",\"description\":\"Interakt\u00edvne pr\u00edbehy pre rozvoj det\u00ed\",\"publisher\":{\"@id\":\"https:\/\/www.vyskilluj.sk\/#organization\"},\"potentialAction\":[{\"@type\":\"SearchAction\",\"target\":{\"@type\":\"EntryPoint\",\"urlTemplate\":\"https:\/\/www.vyskilluj.sk\/?s={search_term_string}\"},\"query-input\":{\"@type\":\"PropertyValueSpecification\",\"valueRequired\":true,\"valueName\":\"search_term_string\"}}],\"inLanguage\":\"en-US\"},{\"@type\":\"Organization\",\"@id\":\"https:\/\/www.vyskilluj.sk\/#organization\",\"name\":\"Vyskilluj\",\"url\":\"https:\/\/www.vyskilluj.sk\/\",\"logo\":{\"@type\":\"ImageObject\",\"inLanguage\":\"en-US\",\"@id\":\"https:\/\/www.vyskilluj.sk\/#\/schema\/logo\/image\/\",\"url\":\"https:\/\/www.vyskilluj.sk\/wp-content\/uploads\/2025\/07\/logo-na-web.png\",\"contentUrl\":\"https:\/\/www.vyskilluj.sk\/wp-content\/uploads\/2025\/07\/logo-na-web.png\",\"width\":350,\"height\":100,\"caption\":\"Vyskilluj\"},\"image\":{\"@id\":\"https:\/\/www.vyskilluj.sk\/#\/schema\/logo\/image\/\"}}]}<\/script>\n<!-- \/ Yoast SEO plugin. -->","yoast_head_json":{"title":"U\u010dite\u013e 2 - Vyskilluj","robots":{"index":"index","follow":"follow","max-snippet":"max-snippet:-1","max-image-preview":"max-image-preview:large","max-video-preview":"max-video-preview:-1"},"canonical":"https:\/\/www.vyskilluj.sk\/en\/ucitel-2\/","og_locale":"en_US","og_type":"article","og_title":"U\u010dite\u013e 2 - Vyskilluj","og_description":"U\u017e len posledn\u00fd krok! Zadaj e-mail a z\u00edskaj pr\u00edstup k demo uk\u00e1\u017ekam. Kliknut\u00edm na &#8222;Pokra\u010dova\u0165&#8220; s\u00fahlas\u00ed\u0161 so spracovan\u00edm osobn\u00fdch \u00fadajov na marketingov\u00e9 \u00fa\u010dely v zmysle na\u0161ich podmienok Alebo z\u00edskaj pr\u00edstup ku v\u0161etk\u00fdm pr\u00edbehom pre tvoju \u0161kolu na 14 dn\u00ed zadarmo Z\u00edska\u0165 pln\u00fd pr\u00edstup","og_url":"https:\/\/www.vyskilluj.sk\/en\/ucitel-2\/","og_site_name":"Vyskilluj","article_modified_time":"2026-03-13T11:34:09+00:00","twitter_card":"summary_large_image","twitter_misc":{"Est. reading time":"1 minute"},"schema":{"@context":"https:\/\/schema.org","@graph":[{"@type":"WebPage","@id":"https:\/\/www.vyskilluj.sk\/ucitel-2","url":"https:\/\/www.vyskilluj.sk\/ucitel-2","name":"U\u010dite\u013e 2 - Vyskilluj","isPartOf":{"@id":"https:\/\/www.vyskilluj.sk\/#website"},"datePublished":"2026-03-13T11:26:34+00:00","dateModified":"2026-03-13T11:34:09+00:00","breadcrumb":{"@id":"https:\/\/www.vyskilluj.sk\/ucitel-2#breadcrumb"},"inLanguage":"en-US","potentialAction":[{"@type":"ReadAction","target":["https:\/\/www.vyskilluj.sk\/ucitel-2"]}]},{"@type":"BreadcrumbList","@id":"https:\/\/www.vyskilluj.sk\/ucitel-2#breadcrumb","itemListElement":[{"@type":"ListItem","position":1,"name":"Domovsk\u00e1 str\u00e1nka","item":"https:\/\/www.vyskilluj.sk\/"},{"@type":"ListItem","position":2,"name":"U\u010dite\u013e 2"}]},{"@type":"WebSite","@id":"https:\/\/www.vyskilluj.sk\/#website","url":"https:\/\/www.vyskilluj.sk\/","name":"Vyskilluj","description":"Interakt\u00edvne pr\u00edbehy pre rozvoj det\u00ed","publisher":{"@id":"https:\/\/www.vyskilluj.sk\/#organization"},"potentialAction":[{"@type":"SearchAction","target":{"@type":"EntryPoint","urlTemplate":"https:\/\/www.vyskilluj.sk\/?s={search_term_string}"},"query-input":{"@type":"PropertyValueSpecification","valueRequired":true,"valueName":"search_term_string"}}],"inLanguage":"en-US"},{"@type":"Organization","@id":"https:\/\/www.vyskilluj.sk\/#organization","name":"Vyskilluj","url":"https:\/\/www.vyskilluj.sk\/","logo":{"@type":"ImageObject","inLanguage":"en-US","@id":"https:\/\/www.vyskilluj.sk\/#\/schema\/logo\/image\/","url":"https:\/\/www.vyskilluj.sk\/wp-content\/uploads\/2025\/07\/logo-na-web.png","contentUrl":"https:\/\/www.vyskilluj.sk\/wp-content\/uploads\/2025\/07\/logo-na-web.png","width":350,"height":100,"caption":"Vyskilluj"},"image":{"@id":"https:\/\/www.vyskilluj.sk\/#\/schema\/logo\/image\/"}}]}},"_links":{"self":[{"href":"https:\/\/www.vyskilluj.sk\/en\/wp-json\/wp\/v2\/pages\/1226","targetHints":{"allow":["GET"]}}],"collection":[{"href":"https:\/\/www.vyskilluj.sk\/en\/wp-json\/wp\/v2\/pages"}],"about":[{"href":"https:\/\/www.vyskilluj.sk\/en\/wp-json\/wp\/v2\/types\/page"}],"author":[{"embeddable":true,"href":"https:\/\/www.vyskilluj.sk\/en\/wp-json\/wp\/v2\/users\/1"}],"replies":[{"embeddable":true,"href":"https:\/\/www.vyskilluj.sk\/en\/wp-json\/wp\/v2\/comments?post=1226"}],"version-history":[{"count":0,"href":"https:\/\/www.vyskilluj.sk\/en\/wp-json\/wp\/v2\/pages\/1226\/revisions"}],"wp:attachment":[{"href":"https:\/\/www.vyskilluj.sk\/en\/wp-json\/wp\/v2\/media?parent=1226"}],"curies":[{"name":"wp","href":"https:\/\/api.w.org\/{rel}","templated":true}]}}