{"id":1244,"date":"2026-03-13T11:32:12","date_gmt":"2026-03-13T11:32:12","guid":{"rendered":"https:\/\/www.vyskilluj.sk\/?page_id=1244"},"modified":"2026-03-14T18:23:42","modified_gmt":"2026-03-14T18:23:42","slug":"ucitel-4","status":"publish","type":"page","link":"https:\/\/www.vyskilluj.sk\/en\/ucitel-4","title":{"rendered":"U\u010dite\u013e 4"},"content":{"rendered":"<div data-elementor-type=\"wp-page\" data-elementor-id=\"1244\" class=\"elementor elementor-1244\">\n\t\t\t\t<div class=\"elementor-element elementor-element-c6cbfa9 e-flex e-con-boxed e-con e-parent\" data-id=\"c6cbfa9\" data-element_type=\"container\" id=\"fyzio\" data-settings=\"{&quot;background_background&quot;:&quot;gradient&quot;}\">\n\t\t\t\t\t<div class=\"e-con-inner\">\n\t\t<div class=\"elementor-element elementor-element-884a848 e-grid e-con-full e-con e-child\" data-id=\"884a848\" data-element_type=\"container\">\n\t\t<div class=\"elementor-element elementor-element-430133e e-con-full e-flex e-con e-child\" data-id=\"430133e\" data-element_type=\"container\">\n\t\t\t\t<div class=\"elementor-element elementor-element-06fad7e elementor-widget elementor-widget-heading\" data-id=\"06fad7e\" data-element_type=\"widget\" data-widget_type=\"heading.default\">\n\t\t\t\t\t<h2 class=\"elementor-heading-title elementor-size-default\">Z\u00edskaj pln\u00fd pr\u00edstup na 14 dn\u00ed zadarmo na vysk\u00fa\u0161anie<\/h2>\t\t\t\t<\/div>\n\t\t\t\t<div class=\"elementor-element elementor-element-a767cf6 elementor-widget elementor-widget-shortcode\" data-id=\"a767cf6\" data-element_type=\"widget\" data-widget_type=\"shortcode.default\">\n\t\t\t\t\t\t\t<div class=\"elementor-shortcode\"><div class=\"forminator-ui forminator-custom-form forminator-custom-form-1236 forminator-design--default  forminator_ajax\" data-forminator-render=\"0\" data-form=\"forminator-module-1236\" data-uid=\"69ed008174fcf\"><br\/><\/div><form\n\t\t\t\tid=\"forminator-module-1236\"\n\t\t\t\tclass=\"forminator-ui forminator-custom-form forminator-custom-form-1236 forminator-design--default  forminator_ajax\"\n\t\t\t\tmethod=\"post\"\n\t\t\t\tdata-forminator-render=\"0\"\n\t\t\t\tdata-form-id=\"1236\"\n\t\t\t\t data-color-option=\"theme\" data-design=\"default\" data-grid=\"open\" style=\"display: none;\"\n\t\t\t\tdata-uid=\"69ed008174fcf\" action=\"\"\n\t\t\t><div role=\"alert\" aria-live=\"polite\" class=\"forminator-response-message forminator-error\" aria-hidden=\"true\"><\/div><div class=\"forminator-row\"><div id=\"name-1\" class=\"forminator-field-name forminator-col forminator-col-12\"><div class=\"forminator-field\"><label for=\"forminator-field-name-1_69ed008174fcf\" id=\"forminator-field-name-1_69ed008174fcf-label\" class=\"forminator-label\">Name <span class=\"forminator-required\">*<\/span><\/label><input type=\"text\" name=\"name-1\" value=\"\" placeholder=\"\" id=\"forminator-field-name-1_69ed008174fcf\" class=\"forminator-input forminator-name--field\" aria-required=\"true\" autocomplete=\"name\" \/><\/div><\/div><\/div><div class=\"forminator-row\"><div id=\"name-2\" class=\"forminator-field-name forminator-col forminator-col-12\"><div class=\"forminator-field\"><label for=\"forminator-field-name-2_69ed008174fcf\" id=\"forminator-field-name-2_69ed008174fcf-label\" class=\"forminator-label\">School name <span class=\"forminator-required\">*<\/span><\/label><input type=\"text\" name=\"name-2\" value=\"\" placeholder=\"\" id=\"forminator-field-name-2_69ed008174fcf\" class=\"forminator-input forminator-name--field\" aria-required=\"true\" autocomplete=\"name\" \/><\/div><\/div><\/div><div class=\"forminator-row\"><div id=\"email-1\" class=\"forminator-field-email forminator-col forminator-col-12\"><div class=\"forminator-field\"><label for=\"forminator-field-email-1_69ed008174fcf\" id=\"forminator-field-email-1_69ed008174fcf-label\" class=\"forminator-label\">Email <span class=\"forminator-required\">*<\/span><\/label><input type=\"email\" name=\"email-1\" value=\"\" placeholder=\"\" id=\"forminator-field-email-1_69ed008174fcf\" class=\"forminator-input forminator-email--field\" data-required=\"1\" aria-required=\"true\" autocomplete=\"email\" \/><\/div><\/div><\/div><div class=\"forminator-row\"><div id=\"phone-1\" class=\"forminator-field-phone forminator-col forminator-col-12\"><div class=\"forminator-field\"><label for=\"forminator-field-phone-1_69ed008174fcf\" id=\"forminator-field-phone-1_69ed008174fcf-label\" class=\"forminator-label\">Phone number <span class=\"forminator-required\">*<\/span><\/label><input type=\"text\" name=\"phone-1\" value=\"\" placeholder=\"\" id=\"forminator-field-phone-1_69ed008174fcf\" class=\"forminator-input forminator-field--phone\" data-required=\"1\" aria-required=\"true\" autocomplete=\"off\" \/><\/div><\/div><\/div><div class=\"forminator-row\"><div id=\"phone-2\" class=\"forminator-field-phone forminator-col forminator-col-12\"><div class=\"forminator-field\"><label for=\"forminator-field-phone-2_69ed008174fcf\" id=\"forminator-field-phone-2_69ed008174fcf-label\" class=\"forminator-label\">Number of classes that will use Vyskilluj <span class=\"forminator-required\">*<\/span><\/label><input type=\"text\" name=\"phone-2\" value=\"\" placeholder=\"\" id=\"forminator-field-phone-2_69ed008174fcf\" class=\"forminator-input forminator-field--phone\" data-required=\"1\" aria-required=\"true\" autocomplete=\"off\" \/><\/div><\/div><\/div><div class=\"forminator-row\"><div id=\"phone-3\" class=\"forminator-field-phone forminator-col forminator-col-12\"><div class=\"forminator-field\"><label for=\"forminator-field-phone-3_69ed008174fcf\" id=\"forminator-field-phone-3_69ed008174fcf-label\" class=\"forminator-label\">Approximate number of students who will practice with Vyskilluj <span class=\"forminator-required\">*<\/span><\/label><input type=\"text\" name=\"phone-3\" value=\"\" placeholder=\"\" id=\"forminator-field-phone-3_69ed008174fcf\" class=\"forminator-input forminator-field--phone\" data-required=\"1\" aria-required=\"true\" autocomplete=\"off\" \/><\/div><\/div><\/div><div class=\"forminator-row\"><div id=\"textarea-2\" class=\"forminator-field-textarea forminator-col forminator-col-12\"><div class=\"forminator-field\"><label for=\"forminator-field-textarea-2_69ed008174fcf\" id=\"forminator-field-textarea-2_69ed008174fcf-label\" class=\"forminator-label\">Odkia\u013e ste sa dozvedeli o Vyskilluj?<\/label><textarea name=\"textarea-2\" placeholder=\"\" id=\"forminator-field-textarea-2_69ed008174fcf\" class=\"forminator-textarea\" rows=\"6\" style=\"min-height:10px;\" ><\/textarea><\/div><\/div><\/div><div class=\"forminator-row\"><div id=\"textarea-1\" class=\"forminator-field-textarea forminator-col forminator-col-12\"><div class=\"forminator-field\"><label for=\"forminator-field-textarea-1_69ed008174fcf\" id=\"forminator-field-textarea-1_69ed008174fcf-label\" class=\"forminator-label\">Message<\/label><textarea name=\"textarea-1\" placeholder=\"\" id=\"forminator-field-textarea-1_69ed008174fcf\" class=\"forminator-textarea\" rows=\"6\" style=\"min-height:140px;\" ><\/textarea><\/div><\/div><\/div><input type=\"hidden\" name=\"referer_url\" value=\"\" \/><div class=\"forminator-row forminator-row-last\"><div class=\"forminator-col\"><div class=\"forminator-field\"><button class=\"forminator-button forminator-button-submit\">Send<\/button><\/div><\/div><\/div><input type=\"hidden\" id=\"forminator_nonce\" name=\"forminator_nonce\" value=\"8cc005d584\" \/><input type=\"hidden\" name=\"_wp_http_referer\" value=\"\/en\/wp-json\/wp\/v2\/pages\/1244\" \/><input type=\"hidden\" name=\"form_id\" value=\"1236\"><input type=\"hidden\" name=\"page_id\" value=\"1244\"><input type=\"hidden\" name=\"form_type\" value=\"default\"><input type=\"hidden\" name=\"current_url\" value=\"https:\/\/www.vyskilluj.sk\/en\/ucitel-4\"><input type=\"hidden\" name=\"render_id\" value=\"0\"><input type=\"hidden\" name=\"action\" value=\"forminator_submit_form_custom-forms\"><input type=\"hidden\" name=\"trp-form-language\" value=\"en\"\/><\/form><\/div>\n\t\t\t\t\t\t<\/div>\n\t\t\t\t<div class=\"elementor-element elementor-element-a4e2f6e elementor-widget elementor-widget-heading\" data-id=\"a4e2f6e\" data-element_type=\"widget\" data-widget_type=\"heading.default\">\n\t\t\t\t\t<h2 class=\"elementor-heading-title elementor-size-default\">Alebo nap\u00ed\u0161 na info@vyskilluj.sk<\/h2>\t\t\t\t<\/div>\n\t\t\t\t<div class=\"elementor-element elementor-element-d9f0c7c elementor-widget elementor-widget-heading\" data-id=\"d9f0c7c\" data-element_type=\"widget\" data-widget_type=\"heading.default\">\n\t\t\t\t\t<h2 class=\"elementor-heading-title elementor-size-default\">V pr\u00edpade z\u00e1ujmu pokra\u010dova\u0165 s Vyskilluj po skon\u010den\u00ed sk\u00fa\u0161obn\u00e9ho obdobia je cena 9,90\u20ac\/trieda\/mesiac. Bez z\u00e1v\u00e4zkov, mo\u017en\u00e9 kedyko\u013evek zru\u0161i\u0165.<\/h2>\t\t\t\t<\/div>\n\t\t\t\t<\/div>\n\t\t\t\t<\/div>\n\t\t\t\t\t<\/div>\n\t\t\t\t<\/div>\n\t\t\t\t<\/div>","protected":false},"excerpt":{"rendered":"<p>Z\u00edskaj pln\u00fd pr\u00edstup na 14 dn\u00ed zadarmo na vysk\u00fa\u0161anie Alebo nap\u00ed\u0161 na info@vyskilluj.sk V pr\u00edpade z\u00e1ujmu pokra\u010dova\u0165 s Vyskilluj po skon\u010den\u00ed sk\u00fa\u0161obn\u00e9ho obdobia je cena 9,90\u20ac\/trieda\/mesiac. Bez z\u00e1v\u00e4zkov, mo\u017en\u00e9 kedyko\u013evek zru\u0161i\u0165.<\/p>","protected":false},"author":1,"featured_media":0,"parent":0,"menu_order":0,"comment_status":"closed","ping_status":"closed","template":"","meta":{"footnotes":""},"class_list":["post-1244","page","type-page","status-publish","hentry"],"yoast_head":"<!-- This site is optimized with the Yoast SEO plugin v25.5 - https:\/\/yoast.com\/wordpress\/plugins\/seo\/ -->\n<title>U\u010dite\u013e 4 - Vyskilluj<\/title>\n<meta name=\"robots\" content=\"index, follow, max-snippet:-1, max-image-preview:large, max-video-preview:-1\" \/>\n<link rel=\"canonical\" href=\"https:\/\/www.vyskilluj.sk\/en\/ucitel-4\/\" \/>\n<meta property=\"og:locale\" content=\"en_US\" \/>\n<meta property=\"og:type\" content=\"article\" \/>\n<meta property=\"og:title\" content=\"U\u010dite\u013e 4 - Vyskilluj\" \/>\n<meta property=\"og:description\" content=\"Z\u00edskaj pln\u00fd pr\u00edstup na 14 dn\u00ed zadarmo na vysk\u00fa\u0161anie Alebo nap\u00ed\u0161 na info@vyskilluj.sk V pr\u00edpade z\u00e1ujmu pokra\u010dova\u0165 s Vyskilluj po skon\u010den\u00ed sk\u00fa\u0161obn\u00e9ho obdobia je cena 9,90\u20ac\/trieda\/mesiac. Bez z\u00e1v\u00e4zkov, mo\u017en\u00e9 kedyko\u013evek zru\u0161i\u0165.\" \/>\n<meta property=\"og:url\" content=\"https:\/\/www.vyskilluj.sk\/en\/ucitel-4\/\" \/>\n<meta property=\"og:site_name\" content=\"Vyskilluj\" \/>\n<meta property=\"article:modified_time\" content=\"2026-03-14T18:23:42+00:00\" \/>\n<meta name=\"twitter:card\" content=\"summary_large_image\" \/>\n<meta name=\"twitter:label1\" content=\"Est. reading time\" \/>\n\t<meta name=\"twitter:data1\" content=\"1 minute\" \/>\n<script type=\"application\/ld+json\" class=\"yoast-schema-graph\">{\"@context\":\"https:\/\/schema.org\",\"@graph\":[{\"@type\":\"WebPage\",\"@id\":\"https:\/\/www.vyskilluj.sk\/ucitel-4\",\"url\":\"https:\/\/www.vyskilluj.sk\/ucitel-4\",\"name\":\"U\u010dite\u013e 4 - Vyskilluj\",\"isPartOf\":{\"@id\":\"https:\/\/www.vyskilluj.sk\/#website\"},\"datePublished\":\"2026-03-13T11:32:12+00:00\",\"dateModified\":\"2026-03-14T18:23:42+00:00\",\"breadcrumb\":{\"@id\":\"https:\/\/www.vyskilluj.sk\/ucitel-4#breadcrumb\"},\"inLanguage\":\"en-US\",\"potentialAction\":[{\"@type\":\"ReadAction\",\"target\":[\"https:\/\/www.vyskilluj.sk\/ucitel-4\"]}]},{\"@type\":\"BreadcrumbList\",\"@id\":\"https:\/\/www.vyskilluj.sk\/ucitel-4#breadcrumb\",\"itemListElement\":[{\"@type\":\"ListItem\",\"position\":1,\"name\":\"Domovsk\u00e1 str\u00e1nka\",\"item\":\"https:\/\/www.vyskilluj.sk\/\"},{\"@type\":\"ListItem\",\"position\":2,\"name\":\"U\u010dite\u013e 4\"}]},{\"@type\":\"WebSite\",\"@id\":\"https:\/\/www.vyskilluj.sk\/#website\",\"url\":\"https:\/\/www.vyskilluj.sk\/\",\"name\":\"Vyskilluj\",\"description\":\"Interakt\u00edvne pr\u00edbehy pre rozvoj det\u00ed\",\"publisher\":{\"@id\":\"https:\/\/www.vyskilluj.sk\/#organization\"},\"potentialAction\":[{\"@type\":\"SearchAction\",\"target\":{\"@type\":\"EntryPoint\",\"urlTemplate\":\"https:\/\/www.vyskilluj.sk\/?s={search_term_string}\"},\"query-input\":{\"@type\":\"PropertyValueSpecification\",\"valueRequired\":true,\"valueName\":\"search_term_string\"}}],\"inLanguage\":\"en-US\"},{\"@type\":\"Organization\",\"@id\":\"https:\/\/www.vyskilluj.sk\/#organization\",\"name\":\"Vyskilluj\",\"url\":\"https:\/\/www.vyskilluj.sk\/\",\"logo\":{\"@type\":\"ImageObject\",\"inLanguage\":\"en-US\",\"@id\":\"https:\/\/www.vyskilluj.sk\/#\/schema\/logo\/image\/\",\"url\":\"https:\/\/www.vyskilluj.sk\/wp-content\/uploads\/2025\/07\/logo-na-web.png\",\"contentUrl\":\"https:\/\/www.vyskilluj.sk\/wp-content\/uploads\/2025\/07\/logo-na-web.png\",\"width\":350,\"height\":100,\"caption\":\"Vyskilluj\"},\"image\":{\"@id\":\"https:\/\/www.vyskilluj.sk\/#\/schema\/logo\/image\/\"}}]}<\/script>\n<!-- \/ Yoast SEO plugin. -->","yoast_head_json":{"title":"U\u010dite\u013e 4 - Vyskilluj","robots":{"index":"index","follow":"follow","max-snippet":"max-snippet:-1","max-image-preview":"max-image-preview:large","max-video-preview":"max-video-preview:-1"},"canonical":"https:\/\/www.vyskilluj.sk\/en\/ucitel-4\/","og_locale":"en_US","og_type":"article","og_title":"U\u010dite\u013e 4 - Vyskilluj","og_description":"Z\u00edskaj pln\u00fd pr\u00edstup na 14 dn\u00ed zadarmo na vysk\u00fa\u0161anie Alebo nap\u00ed\u0161 na info@vyskilluj.sk V pr\u00edpade z\u00e1ujmu pokra\u010dova\u0165 s Vyskilluj po skon\u010den\u00ed sk\u00fa\u0161obn\u00e9ho obdobia je cena 9,90\u20ac\/trieda\/mesiac. Bez z\u00e1v\u00e4zkov, mo\u017en\u00e9 kedyko\u013evek zru\u0161i\u0165.","og_url":"https:\/\/www.vyskilluj.sk\/en\/ucitel-4\/","og_site_name":"Vyskilluj","article_modified_time":"2026-03-14T18:23:42+00:00","twitter_card":"summary_large_image","twitter_misc":{"Est. reading time":"1 minute"},"schema":{"@context":"https:\/\/schema.org","@graph":[{"@type":"WebPage","@id":"https:\/\/www.vyskilluj.sk\/ucitel-4","url":"https:\/\/www.vyskilluj.sk\/ucitel-4","name":"U\u010dite\u013e 4 - Vyskilluj","isPartOf":{"@id":"https:\/\/www.vyskilluj.sk\/#website"},"datePublished":"2026-03-13T11:32:12+00:00","dateModified":"2026-03-14T18:23:42+00:00","breadcrumb":{"@id":"https:\/\/www.vyskilluj.sk\/ucitel-4#breadcrumb"},"inLanguage":"en-US","potentialAction":[{"@type":"ReadAction","target":["https:\/\/www.vyskilluj.sk\/ucitel-4"]}]},{"@type":"BreadcrumbList","@id":"https:\/\/www.vyskilluj.sk\/ucitel-4#breadcrumb","itemListElement":[{"@type":"ListItem","position":1,"name":"Domovsk\u00e1 str\u00e1nka","item":"https:\/\/www.vyskilluj.sk\/"},{"@type":"ListItem","position":2,"name":"U\u010dite\u013e 4"}]},{"@type":"WebSite","@id":"https:\/\/www.vyskilluj.sk\/#website","url":"https:\/\/www.vyskilluj.sk\/","name":"Vyskilluj","description":"Interakt\u00edvne pr\u00edbehy pre rozvoj det\u00ed","publisher":{"@id":"https:\/\/www.vyskilluj.sk\/#organization"},"potentialAction":[{"@type":"SearchAction","target":{"@type":"EntryPoint","urlTemplate":"https:\/\/www.vyskilluj.sk\/?s={search_term_string}"},"query-input":{"@type":"PropertyValueSpecification","valueRequired":true,"valueName":"search_term_string"}}],"inLanguage":"en-US"},{"@type":"Organization","@id":"https:\/\/www.vyskilluj.sk\/#organization","name":"Vyskilluj","url":"https:\/\/www.vyskilluj.sk\/","logo":{"@type":"ImageObject","inLanguage":"en-US","@id":"https:\/\/www.vyskilluj.sk\/#\/schema\/logo\/image\/","url":"https:\/\/www.vyskilluj.sk\/wp-content\/uploads\/2025\/07\/logo-na-web.png","contentUrl":"https:\/\/www.vyskilluj.sk\/wp-content\/uploads\/2025\/07\/logo-na-web.png","width":350,"height":100,"caption":"Vyskilluj"},"image":{"@id":"https:\/\/www.vyskilluj.sk\/#\/schema\/logo\/image\/"}}]}},"_links":{"self":[{"href":"https:\/\/www.vyskilluj.sk\/en\/wp-json\/wp\/v2\/pages\/1244","targetHints":{"allow":["GET"]}}],"collection":[{"href":"https:\/\/www.vyskilluj.sk\/en\/wp-json\/wp\/v2\/pages"}],"about":[{"href":"https:\/\/www.vyskilluj.sk\/en\/wp-json\/wp\/v2\/types\/page"}],"author":[{"embeddable":true,"href":"https:\/\/www.vyskilluj.sk\/en\/wp-json\/wp\/v2\/users\/1"}],"replies":[{"embeddable":true,"href":"https:\/\/www.vyskilluj.sk\/en\/wp-json\/wp\/v2\/comments?post=1244"}],"version-history":[{"count":0,"href":"https:\/\/www.vyskilluj.sk\/en\/wp-json\/wp\/v2\/pages\/1244\/revisions"}],"wp:attachment":[{"href":"https:\/\/www.vyskilluj.sk\/en\/wp-json\/wp\/v2\/media?parent=1244"}],"curies":[{"name":"wp","href":"https:\/\/api.w.org\/{rel}","templated":true}]}}