{"id":1267,"date":"2026-03-13T11:45:49","date_gmt":"2026-03-13T11:45:49","guid":{"rendered":"https:\/\/www.vyskilluj.sk\/?page_id=1267"},"modified":"2026-03-13T11:47:49","modified_gmt":"2026-03-13T11:47:49","slug":"zdravotnik-3","status":"publish","type":"page","link":"https:\/\/www.vyskilluj.sk\/en\/zdravotnik-3","title":{"rendered":"Zdravotn\u00edk 3"},"content":{"rendered":"<div data-elementor-type=\"wp-page\" data-elementor-id=\"1267\" class=\"elementor elementor-1267\">\n\t\t\t\t<div class=\"elementor-element elementor-element-684dfd7 e-flex e-con-boxed e-con e-parent\" data-id=\"684dfd7\" data-element_type=\"container\" id=\"Service\" data-settings=\"{&quot;background_background&quot;:&quot;classic&quot;}\">\n\t\t\t\t\t<div class=\"e-con-inner\">\n\t\t\t\t<div class=\"elementor-element elementor-element-38ac2e2f elementor-widget__width-initial elementor-widget-mobile__width-inherit elementor-widget-tablet__width-initial animated-slow elementor-invisible elementor-widget elementor-widget-elementskit-heading\" data-id=\"38ac2e2f\" data-element_type=\"widget\" data-settings=\"{&quot;_animation&quot;:&quot;fadeInUp&quot;}\" data-widget_type=\"elementskit-heading.default\">\n\t\t\t\t\t<div class=\"ekit-wid-con\" ><div class=\"ekit-heading elementskit-section-title-wraper text_center   ekit_heading_tablet-   ekit_heading_mobile-\"><h2 class=\"ekit-heading--title elementskit-section-title\">Vitaj pri uk\u00e1\u017ekov\u00fdch pr\u00edbehoch Vyskilluj!<\/h2><\/div><\/div>\t\t\t\t<\/div>\n\t\t<div class=\"elementor-element elementor-element-55cc4ea e-grid e-con-full e-con e-child\" data-id=\"55cc4ea\" data-element_type=\"container\">\n\t\t<div class=\"elementor-element elementor-element-40ec456 e-con-full e-flex e-con e-child\" data-id=\"40ec456\" data-element_type=\"container\">\n\t\t<div class=\"elementor-element elementor-element-1e60dc9 e-con-full e-flex e-con e-child\" data-id=\"1e60dc9\" data-element_type=\"container\" data-settings=\"{&quot;background_background&quot;:&quot;classic&quot;}\">\n\t\t\t\t<div class=\"elementor-element elementor-element-ba9a6fd elementor-widget elementor-widget-heading\" data-id=\"ba9a6fd\" data-element_type=\"widget\" data-widget_type=\"heading.default\">\n\t\t\t\t\t<h2 class=\"elementor-heading-title elementor-size-default\">Kr\u00e1tke rozcvi\u010dky<\/h2>\t\t\t\t<\/div>\n\t\t\t\t<div class=\"elementor-element elementor-element-388bf8a elementor-widget elementor-widget-text-editor\" data-id=\"388bf8a\" data-element_type=\"widget\" data-widget_type=\"text-editor.default\">\n\t\t\t\t\t\t\t\t\t<p class=\"p1\">Kr\u00e1tke epiz\u00f3dy s\u00fa ide\u00e1lne ako rann\u00e1 rozcvi\u010dka alebo kr\u00e1tka pohybov\u00e1 prest\u00e1vka po\u010das d\u0148a.<\/p><p class=\"p1\">Deti pom\u00e1haj\u00fa hrdinovi v pr\u00edbehu jednoduch\u00fdmi cvi\u010deniami a pritom sa prirodzene rozh\u00fdbu a dozvedia nie\u010do nov\u00e9.<\/p>\t\t\t\t\t\t\t\t<\/div>\n\t\t\t\t<\/div>\n\t\t\t\t<\/div>\n\t\t\t\t<div class=\"elementor-element elementor-element-4351459 elementor-widget elementor-widget-video\" data-id=\"4351459\" data-element_type=\"widget\" data-settings=\"{&quot;youtube_url&quot;:&quot;https:\\\/\\\/youtu.be\\\/0rqbTd0RUYs&quot;,&quot;video_type&quot;:&quot;youtube&quot;,&quot;controls&quot;:&quot;yes&quot;}\" data-widget_type=\"video.default\">\n\t\t\t\t\t\t\t<div class=\"elementor-wrapper elementor-open-inline\">\n\t\t\t<div class=\"elementor-video\"><\/div>\t\t<\/div>\n\t\t\t\t\t\t<\/div>\n\t\t\t\t<\/div>\n\t\t\t\t\t<\/div>\n\t\t\t\t<\/div>\n\t\t<div class=\"elementor-element elementor-element-17d50e1 e-flex e-con-boxed e-con e-parent\" data-id=\"17d50e1\" data-element_type=\"container\" id=\"screentime\" data-settings=\"{&quot;background_background&quot;:&quot;gradient&quot;}\">\n\t\t\t\t\t<div class=\"e-con-inner\">\n\t\t<div class=\"elementor-element elementor-element-03fdfc3 e-grid e-con-full e-con e-child\" data-id=\"03fdfc3\" data-element_type=\"container\">\n\t\t\t\t<div class=\"elementor-element elementor-element-ee74777 elementor-widget elementor-widget-video\" data-id=\"ee74777\" data-element_type=\"widget\" data-settings=\"{&quot;youtube_url&quot;:&quot;https:\\\/\\\/youtu.be\\\/xEeCSMjaAlQ&quot;,&quot;video_type&quot;:&quot;youtube&quot;,&quot;controls&quot;:&quot;yes&quot;}\" data-widget_type=\"video.default\">\n\t\t\t\t\t\t\t<div class=\"elementor-wrapper elementor-open-inline\">\n\t\t\t<div class=\"elementor-video\"><\/div>\t\t<\/div>\n\t\t\t\t\t\t<\/div>\n\t\t<div class=\"elementor-element elementor-element-84ae939 e-con-full e-flex e-con e-child\" data-id=\"84ae939\" data-element_type=\"container\">\n\t\t<div class=\"elementor-element elementor-element-c6ba8f8 e-con-full e-flex e-con e-child\" data-id=\"c6ba8f8\" data-element_type=\"container\" data-settings=\"{&quot;background_background&quot;:&quot;classic&quot;}\">\n\t\t\t\t<div class=\"elementor-element elementor-element-823e987 elementor-widget elementor-widget-heading\" data-id=\"823e987\" data-element_type=\"widget\" data-widget_type=\"heading.default\">\n\t\t\t\t\t<h2 class=\"elementor-heading-title elementor-size-default\">Pr\u00edbeh pre deti 3\u20138 rokov<\/h2>\t\t\t\t<\/div>\n\t\t\t\t<div class=\"elementor-element elementor-element-afb1741 elementor-widget elementor-widget-text-editor\" data-id=\"afb1741\" data-element_type=\"widget\" data-widget_type=\"text-editor.default\">\n\t\t\t\t\t\t\t\t\t<p class=\"p1\">Deti pom\u00e1haj\u00fa hlavn\u00e9mu hrdinovi plni\u0165 r\u00f4zne \u00falohy a prekon\u00e1va\u0165 v\u00fdzvy pomocou pohybu.<\/p><p class=\"p1\">Pr\u00edbeh je prisp\u00f4soben\u00fd mlad\u0161\u00edm de\u0165om a kombinuje z\u00e1bavu, pohyb a nov\u00e9 poznatky.<\/p>\t\t\t\t\t\t\t\t<\/div>\n\t\t\t\t<\/div>\n\t\t\t\t<\/div>\n\t\t\t\t<\/div>\n\t\t\t\t\t<\/div>\n\t\t\t\t<\/div>\n\t\t<div class=\"elementor-element elementor-element-113adb7 e-flex e-con-boxed e-con e-parent\" data-id=\"113adb7\" data-element_type=\"container\" id=\"pohyb\" data-settings=\"{&quot;background_background&quot;:&quot;gradient&quot;}\">\n\t\t\t\t\t<div class=\"e-con-inner\">\n\t\t<div class=\"elementor-element elementor-element-1afba73 e-con-full e-flex e-con e-child\" data-id=\"1afba73\" data-element_type=\"container\">\n\t\t<div class=\"elementor-element elementor-element-61ceb08 e-grid e-con-full e-con e-child\" data-id=\"61ceb08\" data-element_type=\"container\">\n\t\t<div class=\"elementor-element elementor-element-3aad944 e-con-full e-flex e-con e-child\" data-id=\"3aad944\" data-element_type=\"container\">\n\t\t<div class=\"elementor-element elementor-element-28d4da5 e-con-full e-flex e-con e-child\" data-id=\"28d4da5\" data-element_type=\"container\" data-settings=\"{&quot;background_background&quot;:&quot;classic&quot;}\">\n\t\t\t\t<div class=\"elementor-element elementor-element-d1830fb elementor-widget elementor-widget-heading\" data-id=\"d1830fb\" data-element_type=\"widget\" data-widget_type=\"heading.default\">\n\t\t\t\t\t<h2 class=\"elementor-heading-title elementor-size-default\">Pr\u00edbeh pre deti 8\u201312 rokov<\/h2>\t\t\t\t<\/div>\n\t\t\t\t<div class=\"elementor-element elementor-element-4e16b7e elementor-widget elementor-widget-text-editor\" data-id=\"4e16b7e\" data-element_type=\"widget\" data-widget_type=\"text-editor.default\">\n\t\t\t\t\t\t\t\t\t<p class=\"p1\">Dlh\u0161ie epiz\u00f3dy prin\u00e1\u0161aj\u00fa nap\u00ednav\u00fd pr\u00edbeh, v ktorom deti pom\u00e1haj\u00fa hrdinovi prekon\u00e1va\u0165 prek\u00e1\u017eky pomocou r\u00f4znych pohybov\u00fdch \u00faloh.<\/p><p class=\"p1\">Aktivita podporuje s\u00fastredenie, pohyb a zapojenie do deja.<\/p>\t\t\t\t\t\t\t\t<\/div>\n\t\t\t\t<\/div>\n\t\t\t\t<\/div>\n\t\t\t\t<div class=\"elementor-element elementor-element-6fc9fc5 elementor-widget elementor-widget-video\" data-id=\"6fc9fc5\" data-element_type=\"widget\" data-settings=\"{&quot;youtube_url&quot;:&quot;https:\\\/\\\/youtu.be\\\/oTuzzzM8SSc&quot;,&quot;video_type&quot;:&quot;youtube&quot;,&quot;controls&quot;:&quot;yes&quot;}\" data-widget_type=\"video.default\">\n\t\t\t\t\t\t\t<div class=\"elementor-wrapper elementor-open-inline\">\n\t\t\t<div class=\"elementor-video\"><\/div>\t\t<\/div>\n\t\t\t\t\t\t<\/div>\n\t\t\t\t<\/div>\n\t\t\t\t<\/div>\n\t\t\t\t\t<\/div>\n\t\t\t\t<\/div>\n\t\t<div class=\"elementor-element elementor-element-c237d43 e-flex e-con-boxed e-con e-parent\" data-id=\"c237d43\" data-element_type=\"container\" data-settings=\"{&quot;background_background&quot;:&quot;gradient&quot;}\">\n\t\t\t\t\t<div class=\"e-con-inner\">\n\t\t<div class=\"elementor-element elementor-element-ec5b4d6 e-grid e-con-full e-con e-child\" data-id=\"ec5b4d6\" data-element_type=\"container\">\n\t\t\t\t<div class=\"elementor-element elementor-element-6d7f698 elementor-widget elementor-widget-video\" data-id=\"6d7f698\" data-element_type=\"widget\" data-settings=\"{&quot;youtube_url&quot;:&quot;https:\\\/\\\/youtu.be\\\/y1AY-Siap7c&quot;,&quot;video_type&quot;:&quot;youtube&quot;,&quot;controls&quot;:&quot;yes&quot;}\" data-widget_type=\"video.default\">\n\t\t\t\t\t\t\t<div class=\"elementor-wrapper elementor-open-inline\">\n\t\t\t<div class=\"elementor-video\"><\/div>\t\t<\/div>\n\t\t\t\t\t\t<\/div>\n\t\t<div class=\"elementor-element elementor-element-16a46e9 e-con-full e-flex e-con e-child\" data-id=\"16a46e9\" data-element_type=\"container\">\n\t\t<div class=\"elementor-element elementor-element-3ca7471 e-con-full e-flex e-con e-child\" data-id=\"3ca7471\" data-element_type=\"container\" data-settings=\"{&quot;background_background&quot;:&quot;classic&quot;}\">\n\t\t\t\t<div class=\"elementor-element elementor-element-fa49522 elementor-widget elementor-widget-heading\" data-id=\"fa49522\" data-element_type=\"widget\" data-widget_type=\"heading.default\">\n\t\t\t\t\t<h2 class=\"elementor-heading-title elementor-size-default\">Anglick\u00e1 verzia<\/h2>\t\t\t\t<\/div>\n\t\t\t\t<div class=\"elementor-element elementor-element-4a42270 elementor-widget elementor-widget-text-editor\" data-id=\"4a42270\" data-element_type=\"widget\" data-widget_type=\"text-editor.default\">\n\t\t\t\t\t\t\t\t\t<p class=\"p1\">Niektor\u00e9 epiz\u00f3dy s\u00fa dostupn\u00e9 aj v angli\u010dtine.<\/p><p class=\"p1\">Deti si tak m\u00f4\u017eu popri pohybe prirodzene rozv\u00edja\u0165 aj jazykov\u00e9 zru\u010dnosti.<\/p>\t\t\t\t\t\t\t\t<\/div>\n\t\t\t\t<\/div>\n\t\t\t\t<\/div>\n\t\t\t\t<\/div>\n\t\t\t\t\t<\/div>\n\t\t\t\t<\/div>\n\t\t<div class=\"elementor-element elementor-element-368fafb e-flex e-con-boxed e-con e-parent\" data-id=\"368fafb\" data-element_type=\"container\">\n\t\t\t\t\t<div class=\"e-con-inner\">\n\t\t\t\t<div class=\"elementor-element elementor-element-fdd2395 elementor-widget elementor-widget-heading\" data-id=\"fdd2395\" data-element_type=\"widget\" data-widget_type=\"heading.default\">\n\t\t\t\t\t<h2 class=\"elementor-heading-title elementor-size-default\">Pozvanie k spolupr\u00e1ci<\/h2>\t\t\t\t<\/div>\n\t\t\t\t<div class=\"elementor-element elementor-element-e712108 elementor-widget elementor-widget-text-editor\" data-id=\"e712108\" data-element_type=\"widget\" data-widget_type=\"text-editor.default\">\n\t\t\t\t\t\t\t\t\t<p class=\"p1\">Projekt Vyskilluj je st\u00e1le vo v\u00fdvoji a radi by sme ho rozv\u00edjali aj v spolupr\u00e1ci s odborn\u00edkmi z oblasti zdravotn\u00edctva.<\/p><p class=\"p1\">Ak v\u00e1s koncept zaujal a vid\u00edte mo\u017enosti jeho vyu\u017eitia vo va\u0161ej praxi, budeme radi, ak sa n\u00e1m ozvete.<\/p><p class=\"p1\">Va\u0161a sp\u00e4tn\u00e1 v\u00e4zba a odborn\u00e9 sk\u00fasenosti m\u00f4\u017eu pom\u00f4c\u0165 pri \u010fal\u0161om v\u00fdvoji platformy.<\/p>\t\t\t\t\t\t\t\t<\/div>\n\t\t\t\t<div class=\"elementor-element elementor-element-a5b27e9 elementor-widget elementor-widget-shortcode\" data-id=\"a5b27e9\" data-element_type=\"widget\" data-widget_type=\"shortcode.default\">\n\t\t\t\t\t\t\t<div class=\"elementor-shortcode\"><div class=\"forminator-ui forminator-custom-form forminator-custom-form-1188 forminator-design--default  forminator_ajax\" data-forminator-render=\"0\" data-form=\"forminator-module-1188\" data-uid=\"69f60318a1857\"><br\/><\/div><form\n\t\t\t\tid=\"forminator-module-1188\"\n\t\t\t\tclass=\"forminator-ui forminator-custom-form forminator-custom-form-1188 forminator-design--default  forminator_ajax\"\n\t\t\t\tmethod=\"post\"\n\t\t\t\tdata-forminator-render=\"0\"\n\t\t\t\tdata-form-id=\"1188\"\n\t\t\t\t data-color-option=\"theme\" data-design=\"default\" data-grid=\"open\" style=\"display: none;\"\n\t\t\t\tdata-uid=\"69f60318a1857\" action=\"\"\n\t\t\t><div role=\"alert\" aria-live=\"polite\" class=\"forminator-response-message forminator-error\" aria-hidden=\"true\"><\/div><div class=\"forminator-row\"><div id=\"name-1\" class=\"forminator-field-name forminator-col forminator-col-12\"><div class=\"forminator-field\"><label for=\"forminator-field-name-1_69f60318a1857\" id=\"forminator-field-name-1_69f60318a1857-label\" class=\"forminator-label\">Name <span class=\"forminator-required\">*<\/span><\/label><input type=\"text\" name=\"name-1\" value=\"\" placeholder=\"\" id=\"forminator-field-name-1_69f60318a1857\" class=\"forminator-input forminator-name--field\" aria-required=\"true\" autocomplete=\"name\" \/><\/div><\/div><\/div><div class=\"forminator-row\"><div id=\"email-1\" class=\"forminator-field-email forminator-col forminator-col-12\"><div class=\"forminator-field\"><label for=\"forminator-field-email-1_69f60318a1857\" id=\"forminator-field-email-1_69f60318a1857-label\" class=\"forminator-label\">Email <span class=\"forminator-required\">*<\/span><\/label><input type=\"email\" name=\"email-1\" value=\"\" placeholder=\"\" id=\"forminator-field-email-1_69f60318a1857\" class=\"forminator-input forminator-email--field\" data-required=\"1\" aria-required=\"true\" autocomplete=\"email\" \/><\/div><\/div><\/div><div class=\"forminator-row\"><div id=\"phone-1\" class=\"forminator-field-phone forminator-col forminator-col-12\"><div class=\"forminator-field\"><label for=\"forminator-field-phone-1_69f60318a1857\" id=\"forminator-field-phone-1_69f60318a1857-label\" class=\"forminator-label\">Phone number<\/label><input type=\"text\" name=\"phone-1\" value=\"\" placeholder=\"\" id=\"forminator-field-phone-1_69f60318a1857\" class=\"forminator-input forminator-field--phone\" data-required=\"\" aria-required=\"false\" autocomplete=\"off\" \/><\/div><\/div><\/div><div class=\"forminator-row\"><div id=\"textarea-1\" class=\"forminator-field-textarea forminator-col forminator-col-12\"><div class=\"forminator-field\"><label for=\"forminator-field-textarea-1_69f60318a1857\" id=\"forminator-field-textarea-1_69f60318a1857-label\" class=\"forminator-label\">Message <span class=\"forminator-required\">*<\/span><\/label><textarea name=\"textarea-1\" placeholder=\"\" id=\"forminator-field-textarea-1_69f60318a1857\" class=\"forminator-textarea\" rows=\"6\" style=\"min-height:140px;\" ><\/textarea><\/div><\/div><\/div><input type=\"hidden\" name=\"referer_url\" value=\"\" \/><div class=\"forminator-row forminator-row-last\"><div class=\"forminator-col\"><div class=\"forminator-field\"><button class=\"forminator-button forminator-button-submit\">Send<\/button><\/div><\/div><\/div><input type=\"hidden\" id=\"forminator_nonce\" name=\"forminator_nonce\" value=\"9630b02614\" \/><input type=\"hidden\" name=\"_wp_http_referer\" value=\"\/en\/wp-json\/wp\/v2\/pages\/1267\" \/><input type=\"hidden\" name=\"form_id\" value=\"1188\"><input type=\"hidden\" name=\"page_id\" value=\"1267\"><input type=\"hidden\" name=\"form_type\" value=\"default\"><input type=\"hidden\" name=\"current_url\" value=\"https:\/\/www.vyskilluj.sk\/en\/zdravotnik-3\"><input type=\"hidden\" name=\"render_id\" value=\"0\"><input type=\"hidden\" name=\"action\" value=\"forminator_submit_form_custom-forms\"><input type=\"hidden\" name=\"trp-form-language\" value=\"en\"\/><\/form><\/div>\n\t\t\t\t\t\t<\/div>\n\t\t\t\t\t<\/div>\n\t\t\t\t<\/div>\n\t\t\t\t<\/div>","protected":false},"excerpt":{"rendered":"<p>Vitaj pri uk\u00e1\u017ekov\u00fdch pr\u00edbehoch Vyskilluj! Kr\u00e1tke rozcvi\u010dky Kr\u00e1tke epiz\u00f3dy s\u00fa ide\u00e1lne ako rann\u00e1 rozcvi\u010dka alebo kr\u00e1tka pohybov\u00e1 prest\u00e1vka po\u010das d\u0148a. Deti pom\u00e1haj\u00fa hrdinovi v pr\u00edbehu jednoduch\u00fdmi cvi\u010deniami a pritom sa prirodzene rozh\u00fdbu a dozvedia nie\u010do nov\u00e9. https:\/\/youtu.be\/0rqbTd0RUYshttps:\/\/youtu.be\/xEeCSMjaAlQ Pr\u00edbeh pre deti 3\u20138 rokov Deti pom\u00e1haj\u00fa hlavn\u00e9mu hrdinovi plni\u0165 r\u00f4zne \u00falohy a prekon\u00e1va\u0165 v\u00fdzvy pomocou pohybu. Pr\u00edbeh [&hellip;]<\/p>","protected":false},"author":1,"featured_media":0,"parent":0,"menu_order":0,"comment_status":"closed","ping_status":"closed","template":"","meta":{"footnotes":""},"class_list":["post-1267","page","type-page","status-publish","hentry"],"yoast_head":"<!-- This site is optimized with the Yoast SEO plugin v25.5 - https:\/\/yoast.com\/wordpress\/plugins\/seo\/ -->\n<title>Zdravotn\u00edk 3 - Vyskilluj<\/title>\n<meta name=\"robots\" content=\"index, follow, max-snippet:-1, max-image-preview:large, max-video-preview:-1\" \/>\n<link rel=\"canonical\" href=\"https:\/\/www.vyskilluj.sk\/en\/zdravotnik-3\/\" \/>\n<meta property=\"og:locale\" content=\"en_US\" \/>\n<meta property=\"og:type\" content=\"article\" \/>\n<meta property=\"og:title\" content=\"Zdravotn\u00edk 3 - Vyskilluj\" \/>\n<meta property=\"og:description\" content=\"Vitaj pri uk\u00e1\u017ekov\u00fdch pr\u00edbehoch Vyskilluj! Kr\u00e1tke rozcvi\u010dky Kr\u00e1tke epiz\u00f3dy s\u00fa ide\u00e1lne ako rann\u00e1 rozcvi\u010dka alebo kr\u00e1tka pohybov\u00e1 prest\u00e1vka po\u010das d\u0148a. Deti pom\u00e1haj\u00fa hrdinovi v pr\u00edbehu jednoduch\u00fdmi cvi\u010deniami a pritom sa prirodzene rozh\u00fdbu a dozvedia nie\u010do nov\u00e9. https:\/\/youtu.be\/0rqbTd0RUYshttps:\/\/youtu.be\/xEeCSMjaAlQ Pr\u00edbeh pre deti 3\u20138 rokov Deti pom\u00e1haj\u00fa hlavn\u00e9mu hrdinovi plni\u0165 r\u00f4zne \u00falohy a prekon\u00e1va\u0165 v\u00fdzvy pomocou pohybu. Pr\u00edbeh [&hellip;]\" \/>\n<meta property=\"og:url\" content=\"https:\/\/www.vyskilluj.sk\/en\/zdravotnik-3\/\" \/>\n<meta property=\"og:site_name\" content=\"Vyskilluj\" \/>\n<meta property=\"article:modified_time\" content=\"2026-03-13T11:47:49+00:00\" \/>\n<meta name=\"twitter:card\" content=\"summary_large_image\" \/>\n<meta name=\"twitter:label1\" content=\"Est. reading time\" \/>\n\t<meta name=\"twitter:data1\" content=\"1 minute\" \/>\n<script type=\"application\/ld+json\" class=\"yoast-schema-graph\">{\"@context\":\"https:\/\/schema.org\",\"@graph\":[{\"@type\":\"WebPage\",\"@id\":\"https:\/\/www.vyskilluj.sk\/zdravotnik-3\",\"url\":\"https:\/\/www.vyskilluj.sk\/zdravotnik-3\",\"name\":\"Zdravotn\u00edk 3 - Vyskilluj\",\"isPartOf\":{\"@id\":\"https:\/\/www.vyskilluj.sk\/#website\"},\"datePublished\":\"2026-03-13T11:45:49+00:00\",\"dateModified\":\"2026-03-13T11:47:49+00:00\",\"breadcrumb\":{\"@id\":\"https:\/\/www.vyskilluj.sk\/zdravotnik-3#breadcrumb\"},\"inLanguage\":\"en-US\",\"potentialAction\":[{\"@type\":\"ReadAction\",\"target\":[\"https:\/\/www.vyskilluj.sk\/zdravotnik-3\"]}]},{\"@type\":\"BreadcrumbList\",\"@id\":\"https:\/\/www.vyskilluj.sk\/zdravotnik-3#breadcrumb\",\"itemListElement\":[{\"@type\":\"ListItem\",\"position\":1,\"name\":\"Domovsk\u00e1 str\u00e1nka\",\"item\":\"https:\/\/www.vyskilluj.sk\/\"},{\"@type\":\"ListItem\",\"position\":2,\"name\":\"Zdravotn\u00edk 3\"}]},{\"@type\":\"WebSite\",\"@id\":\"https:\/\/www.vyskilluj.sk\/#website\",\"url\":\"https:\/\/www.vyskilluj.sk\/\",\"name\":\"Vyskilluj\",\"description\":\"Interakt\u00edvne pr\u00edbehy pre rozvoj det\u00ed\",\"publisher\":{\"@id\":\"https:\/\/www.vyskilluj.sk\/#organization\"},\"potentialAction\":[{\"@type\":\"SearchAction\",\"target\":{\"@type\":\"EntryPoint\",\"urlTemplate\":\"https:\/\/www.vyskilluj.sk\/?s={search_term_string}\"},\"query-input\":{\"@type\":\"PropertyValueSpecification\",\"valueRequired\":true,\"valueName\":\"search_term_string\"}}],\"inLanguage\":\"en-US\"},{\"@type\":\"Organization\",\"@id\":\"https:\/\/www.vyskilluj.sk\/#organization\",\"name\":\"Vyskilluj\",\"url\":\"https:\/\/www.vyskilluj.sk\/\",\"logo\":{\"@type\":\"ImageObject\",\"inLanguage\":\"en-US\",\"@id\":\"https:\/\/www.vyskilluj.sk\/#\/schema\/logo\/image\/\",\"url\":\"https:\/\/www.vyskilluj.sk\/wp-content\/uploads\/2025\/07\/logo-na-web.png\",\"contentUrl\":\"https:\/\/www.vyskilluj.sk\/wp-content\/uploads\/2025\/07\/logo-na-web.png\",\"width\":350,\"height\":100,\"caption\":\"Vyskilluj\"},\"image\":{\"@id\":\"https:\/\/www.vyskilluj.sk\/#\/schema\/logo\/image\/\"}}]}<\/script>\n<!-- \/ Yoast SEO plugin. -->","yoast_head_json":{"title":"Zdravotn\u00edk 3 - Vyskilluj","robots":{"index":"index","follow":"follow","max-snippet":"max-snippet:-1","max-image-preview":"max-image-preview:large","max-video-preview":"max-video-preview:-1"},"canonical":"https:\/\/www.vyskilluj.sk\/en\/zdravotnik-3\/","og_locale":"en_US","og_type":"article","og_title":"Zdravotn\u00edk 3 - Vyskilluj","og_description":"Vitaj pri uk\u00e1\u017ekov\u00fdch pr\u00edbehoch Vyskilluj! Kr\u00e1tke rozcvi\u010dky Kr\u00e1tke epiz\u00f3dy s\u00fa ide\u00e1lne ako rann\u00e1 rozcvi\u010dka alebo kr\u00e1tka pohybov\u00e1 prest\u00e1vka po\u010das d\u0148a. Deti pom\u00e1haj\u00fa hrdinovi v pr\u00edbehu jednoduch\u00fdmi cvi\u010deniami a pritom sa prirodzene rozh\u00fdbu a dozvedia nie\u010do nov\u00e9. https:\/\/youtu.be\/0rqbTd0RUYshttps:\/\/youtu.be\/xEeCSMjaAlQ Pr\u00edbeh pre deti 3\u20138 rokov Deti pom\u00e1haj\u00fa hlavn\u00e9mu hrdinovi plni\u0165 r\u00f4zne \u00falohy a prekon\u00e1va\u0165 v\u00fdzvy pomocou pohybu. Pr\u00edbeh [&hellip;]","og_url":"https:\/\/www.vyskilluj.sk\/en\/zdravotnik-3\/","og_site_name":"Vyskilluj","article_modified_time":"2026-03-13T11:47:49+00:00","twitter_card":"summary_large_image","twitter_misc":{"Est. reading time":"1 minute"},"schema":{"@context":"https:\/\/schema.org","@graph":[{"@type":"WebPage","@id":"https:\/\/www.vyskilluj.sk\/zdravotnik-3","url":"https:\/\/www.vyskilluj.sk\/zdravotnik-3","name":"Zdravotn\u00edk 3 - Vyskilluj","isPartOf":{"@id":"https:\/\/www.vyskilluj.sk\/#website"},"datePublished":"2026-03-13T11:45:49+00:00","dateModified":"2026-03-13T11:47:49+00:00","breadcrumb":{"@id":"https:\/\/www.vyskilluj.sk\/zdravotnik-3#breadcrumb"},"inLanguage":"en-US","potentialAction":[{"@type":"ReadAction","target":["https:\/\/www.vyskilluj.sk\/zdravotnik-3"]}]},{"@type":"BreadcrumbList","@id":"https:\/\/www.vyskilluj.sk\/zdravotnik-3#breadcrumb","itemListElement":[{"@type":"ListItem","position":1,"name":"Domovsk\u00e1 str\u00e1nka","item":"https:\/\/www.vyskilluj.sk\/"},{"@type":"ListItem","position":2,"name":"Zdravotn\u00edk 3"}]},{"@type":"WebSite","@id":"https:\/\/www.vyskilluj.sk\/#website","url":"https:\/\/www.vyskilluj.sk\/","name":"Vyskilluj","description":"Interakt\u00edvne pr\u00edbehy pre rozvoj det\u00ed","publisher":{"@id":"https:\/\/www.vyskilluj.sk\/#organization"},"potentialAction":[{"@type":"SearchAction","target":{"@type":"EntryPoint","urlTemplate":"https:\/\/www.vyskilluj.sk\/?s={search_term_string}"},"query-input":{"@type":"PropertyValueSpecification","valueRequired":true,"valueName":"search_term_string"}}],"inLanguage":"en-US"},{"@type":"Organization","@id":"https:\/\/www.vyskilluj.sk\/#organization","name":"Vyskilluj","url":"https:\/\/www.vyskilluj.sk\/","logo":{"@type":"ImageObject","inLanguage":"en-US","@id":"https:\/\/www.vyskilluj.sk\/#\/schema\/logo\/image\/","url":"https:\/\/www.vyskilluj.sk\/wp-content\/uploads\/2025\/07\/logo-na-web.png","contentUrl":"https:\/\/www.vyskilluj.sk\/wp-content\/uploads\/2025\/07\/logo-na-web.png","width":350,"height":100,"caption":"Vyskilluj"},"image":{"@id":"https:\/\/www.vyskilluj.sk\/#\/schema\/logo\/image\/"}}]}},"_links":{"self":[{"href":"https:\/\/www.vyskilluj.sk\/en\/wp-json\/wp\/v2\/pages\/1267","targetHints":{"allow":["GET"]}}],"collection":[{"href":"https:\/\/www.vyskilluj.sk\/en\/wp-json\/wp\/v2\/pages"}],"about":[{"href":"https:\/\/www.vyskilluj.sk\/en\/wp-json\/wp\/v2\/types\/page"}],"author":[{"embeddable":true,"href":"https:\/\/www.vyskilluj.sk\/en\/wp-json\/wp\/v2\/users\/1"}],"replies":[{"embeddable":true,"href":"https:\/\/www.vyskilluj.sk\/en\/wp-json\/wp\/v2\/comments?post=1267"}],"version-history":[{"count":0,"href":"https:\/\/www.vyskilluj.sk\/en\/wp-json\/wp\/v2\/pages\/1267\/revisions"}],"wp:attachment":[{"href":"https:\/\/www.vyskilluj.sk\/en\/wp-json\/wp\/v2\/media?parent=1267"}],"curies":[{"name":"wp","href":"https:\/\/api.w.org\/{rel}","templated":true}]}}