{"id":262,"date":"2025-07-16T17:05:11","date_gmt":"2025-07-16T17:05:11","guid":{"rendered":"https:\/\/www.vyskilluj.sk\/?page_id=262"},"modified":"2025-11-22T19:57:07","modified_gmt":"2025-11-22T19:57:07","slug":"demo1","status":"publish","type":"page","link":"https:\/\/www.vyskilluj.sk\/en\/demo1","title":{"rendered":"demo1"},"content":{"rendered":"<div data-elementor-type=\"wp-page\" data-elementor-id=\"262\" class=\"elementor elementor-262\">\n\t\t\t\t<div class=\"elementor-element elementor-element-2f2e9f8 e-flex e-con-boxed e-con e-parent\" data-id=\"2f2e9f8\" data-element_type=\"container\" data-settings=\"{&quot;background_background&quot;:&quot;gradient&quot;}\">\n\t\t\t\t\t<div class=\"e-con-inner\">\n\t\t\t\t<div class=\"elementor-element elementor-element-71b5e50 elementor-widget elementor-widget-image\" data-id=\"71b5e50\" data-element_type=\"widget\" data-widget_type=\"image.default\">\n\t\t\t\t\t\t\t\t\t\t\t\t\t\t\t<img fetchpriority=\"high\" decoding=\"async\" width=\"800\" height=\"238\" src=\"https:\/\/www.vyskilluj.sk\/wp-content\/uploads\/2025\/07\/logo-uvod-1-1024x304.png\" class=\"attachment-large size-large wp-image-140\" alt=\"\" srcset=\"https:\/\/www.vyskilluj.sk\/wp-content\/uploads\/2025\/07\/logo-uvod-1-1024x304.png 1024w, https:\/\/www.vyskilluj.sk\/wp-content\/uploads\/2025\/07\/logo-uvod-1-300x89.png 300w, https:\/\/www.vyskilluj.sk\/wp-content\/uploads\/2025\/07\/logo-uvod-1-768x228.png 768w, https:\/\/www.vyskilluj.sk\/wp-content\/uploads\/2025\/07\/logo-uvod-1-1536x456.png 1536w, https:\/\/www.vyskilluj.sk\/wp-content\/uploads\/2025\/07\/logo-uvod-1-2048x608.png 2048w\" sizes=\"(max-width: 800px) 100vw, 800px\" \/>\t\t\t\t\t\t\t\t\t\t\t\t\t\t\t<\/div>\n\t\t\t\t<div class=\"elementor-element elementor-element-30ec8a9b elementor-widget elementor-widget-heading\" data-id=\"30ec8a9b\" data-element_type=\"widget\" data-settings=\"{&quot;_animation&quot;:&quot;none&quot;}\" data-widget_type=\"heading.default\">\n\t\t\t\t\t<h1 class=\"elementor-heading-title elementor-size-default\">You\u2019re just one step away from launching the demo version!<\/h1>\t\t\t\t<\/div>\n\t\t\t\t<div class=\"elementor-element elementor-element-31cd810 elementor-widget elementor-widget-text-editor\" data-id=\"31cd810\" data-element_type=\"widget\" data-widget_type=\"text-editor.default\">\n\t\t\t\t\t\t\t\t\t<p>To get access to the Vyskilluj demo version, please enter your email so we can keep you updated on project news. By clicking \u201cContinue,\u201d you agree to the processing of your personal data according to our terms, which you can find here. <a href=\"https:\/\/www.vyskilluj.sk\/en\/gdpr\/\">here<\/a>.<\/p>\t\t\t\t\t\t\t\t<\/div>\n\t\t\t\t<div class=\"elementor-element elementor-element-c94a24a elementor-widget__width-inherit elementor-widget elementor-widget-shortcode\" data-id=\"c94a24a\" data-element_type=\"widget\" data-widget_type=\"shortcode.default\">\n\t\t\t\t\t\t\t<div class=\"elementor-shortcode\"><div class=\"forminator-ui forminator-custom-form forminator-custom-form-504 forminator-design--default  forminator_ajax\" data-forminator-render=\"0\" data-form=\"forminator-module-504\" data-uid=\"69f4a8ecc8520\"><br\/><\/div><form\n\t\t\t\tid=\"forminator-module-504\"\n\t\t\t\tclass=\"forminator-ui forminator-custom-form forminator-custom-form-504 forminator-design--default  forminator_ajax\"\n\t\t\t\tmethod=\"post\"\n\t\t\t\tdata-forminator-render=\"0\"\n\t\t\t\tdata-form-id=\"504\"\n\t\t\t\t data-color-option=\"theme\" data-design=\"default\" data-grid=\"open\" style=\"display: none;\"\n\t\t\t\tdata-uid=\"69f4a8ecc8520\" action=\"\"\n\t\t\t><div role=\"alert\" aria-live=\"polite\" class=\"forminator-response-message forminator-error\" aria-hidden=\"true\"><\/div><div class=\"forminator-row\"><div id=\"email-1\" class=\"forminator-field-email forminator-col forminator-col-12\"><div class=\"forminator-field\"><label for=\"forminator-field-email-1_69f4a8ecc8520\" id=\"forminator-field-email-1_69f4a8ecc8520-label\" class=\"forminator-label\">Email <span class=\"forminator-required\">*<\/span><\/label><input type=\"email\" name=\"email-1\" value=\"\" placeholder=\"\" id=\"forminator-field-email-1_69f4a8ecc8520\" class=\"forminator-input forminator-email--field\" data-required=\"1\" aria-required=\"true\" autocomplete=\"email\" \/><\/div><\/div><\/div><div class=\"forminator-row\"><div id=\"select-1\" class=\"forminator-field-select forminator-col forminator-col-12\"><div class=\"forminator-field\"><label for=\"forminator-form-504__field--select-1_69f4a8ecc8520\" id=\"forminator-form-504__field--select-1_69f4a8ecc8520-label\" class=\"forminator-label\">Kde bude\u0161 Vyskilluj pou\u017e\u00edva\u0165?<\/label><select  id=\"forminator-form-504__field--select-1_69f4a8ecc8520\" class=\"forminator-select--field forminator-select2 forminator-select2-multiple\" data-required=\"\" name=\"select-1\" data-default-value=\"\" data-hidden-behavior=\"zero\" data-placeholder=\"\" data-search=\"false\" data-search-placeholder=\"\" data-checkbox=\"false\" data-allow-clear=\"false\" aria-labelledby=\"forminator-form-504__field--select-1_69f4a8ecc8520-label\"><option value=\"one\"  data-calculation=\"0\">At home<\/option><option value=\"two\"  data-calculation=\"0\">\u0160kola<\/option><option value=\"\u0160k\u00f4lka\"  data-calculation=\"0\">\u0160k\u00f4lka<\/option><option value=\"Rehabilit\u00e1cia\"  data-calculation=\"0\">Rehabilit\u00e1cia<\/option><option value=\"In\u00e9\"  data-calculation=\"0\">In\u00e9<\/option><\/select><\/div><\/div><\/div><div class=\"forminator-row\"><div id=\"textarea-1\" class=\"forminator-field-textarea forminator-col forminator-col-12\"><div class=\"forminator-field\"><label for=\"forminator-field-textarea-1_69f4a8ecc8520\" id=\"forminator-field-textarea-1_69f4a8ecc8520-label\" class=\"forminator-label\">V pr\u00edpade v\u00fdberu &quot;In\u00e9&quot;, nap\u00ed\u0161 pros\u00edm kde \u263a\ufe0f<\/label><textarea name=\"textarea-1\" placeholder=\"\" id=\"forminator-field-textarea-1_69f4a8ecc8520\" class=\"forminator-textarea\" rows=\"6\" style=\"min-height:140px;\" ><\/textarea><\/div><\/div><\/div><input type=\"hidden\" name=\"referer_url\" value=\"\" \/><div class=\"forminator-row forminator-row-last\"><div class=\"forminator-col\"><div class=\"forminator-field\"><button class=\"forminator-button forminator-button-submit\">Continue<\/button><\/div><\/div><\/div><input type=\"hidden\" id=\"forminator_nonce\" name=\"forminator_nonce\" value=\"48273b08fc\" \/><input type=\"hidden\" name=\"_wp_http_referer\" value=\"\/en\/wp-json\/wp\/v2\/pages\/262\" \/><input type=\"hidden\" name=\"form_id\" value=\"504\"><input type=\"hidden\" name=\"page_id\" value=\"262\"><input type=\"hidden\" name=\"form_type\" value=\"default\"><input type=\"hidden\" name=\"current_url\" value=\"https:\/\/www.vyskilluj.sk\/en\/demo1\"><input type=\"hidden\" name=\"render_id\" value=\"0\"><input type=\"hidden\" name=\"action\" value=\"forminator_submit_form_custom-forms\"><input type=\"hidden\" name=\"trp-form-language\" value=\"en\"\/><\/form><\/div>\n\t\t\t\t\t\t<\/div>\n\t\t\t\t\t<\/div>\n\t\t\t\t<\/div>\n\t\t<div class=\"elementor-element elementor-element-be6062e e-flex e-con-boxed e-con e-parent\" data-id=\"be6062e\" data-element_type=\"container\" data-settings=\"{&quot;background_background&quot;:&quot;gradient&quot;}\">\n\t\t\t\t\t<div class=\"e-con-inner\">\n\t\t\t\t\t<\/div>\n\t\t\t\t<\/div>\n\t\t\t\t<\/div>","protected":false},"excerpt":{"rendered":"<p>U\u017e si len krok od spustenia demo verzie! Na z\u00edskanie pr\u00edstupu k demo verzii Vyskilluj zadaj pros\u00edm svoj email aby sme \u0165a mohli informova\u0165 o novink\u00e1ch v projekte. Kliknut\u00edm na &#8222;Pokra\u010dova\u0165&#8220; s\u00fahlas\u00ed\u0161 so spracovan\u00edm osobn\u00fdch \u00fadajov pod\u013ea na\u0161ich podmienok, ktor\u00e9 n\u00e1jde\u0161 tu.<\/p>","protected":false},"author":1,"featured_media":0,"parent":0,"menu_order":0,"comment_status":"closed","ping_status":"closed","template":"","meta":{"footnotes":""},"class_list":["post-262","page","type-page","status-publish","hentry"],"yoast_head":"<!-- This site is optimized with the Yoast SEO plugin v25.5 - https:\/\/yoast.com\/wordpress\/plugins\/seo\/ -->\n<title>demo1 - Vyskilluj<\/title>\n<meta name=\"robots\" content=\"index, follow, max-snippet:-1, max-image-preview:large, max-video-preview:-1\" \/>\n<link rel=\"canonical\" href=\"https:\/\/www.vyskilluj.sk\/en\/demo1\/\" \/>\n<meta property=\"og:locale\" content=\"en_US\" \/>\n<meta property=\"og:type\" content=\"article\" \/>\n<meta property=\"og:title\" content=\"demo1 - Vyskilluj\" \/>\n<meta property=\"og:description\" content=\"U\u017e si len krok od spustenia demo verzie! Na z\u00edskanie pr\u00edstupu k demo verzii Vyskilluj zadaj pros\u00edm svoj email aby sme \u0165a mohli informova\u0165 o novink\u00e1ch v projekte. Kliknut\u00edm na &#8222;Pokra\u010dova\u0165&#8220; s\u00fahlas\u00ed\u0161 so spracovan\u00edm osobn\u00fdch \u00fadajov pod\u013ea na\u0161ich podmienok, ktor\u00e9 n\u00e1jde\u0161 tu.\" \/>\n<meta property=\"og:url\" content=\"https:\/\/www.vyskilluj.sk\/en\/demo1\/\" \/>\n<meta property=\"og:site_name\" content=\"Vyskilluj\" \/>\n<meta property=\"article:modified_time\" content=\"2025-11-22T19:57:07+00:00\" \/>\n<meta property=\"og:image\" content=\"https:\/\/www.vyskilluj.sk\/wp-content\/uploads\/2025\/07\/logo-uvod-1-1024x304.png\" \/>\n<meta name=\"twitter:card\" content=\"summary_large_image\" \/>\n<meta name=\"twitter:label1\" content=\"Est. reading time\" \/>\n\t<meta name=\"twitter:data1\" content=\"1 minute\" \/>\n<script type=\"application\/ld+json\" class=\"yoast-schema-graph\">{\"@context\":\"https:\/\/schema.org\",\"@graph\":[{\"@type\":\"WebPage\",\"@id\":\"https:\/\/www.vyskilluj.sk\/demo1\",\"url\":\"https:\/\/www.vyskilluj.sk\/demo1\",\"name\":\"demo1 - Vyskilluj\",\"isPartOf\":{\"@id\":\"https:\/\/www.vyskilluj.sk\/#website\"},\"primaryImageOfPage\":{\"@id\":\"https:\/\/www.vyskilluj.sk\/demo1#primaryimage\"},\"image\":{\"@id\":\"https:\/\/www.vyskilluj.sk\/demo1#primaryimage\"},\"thumbnailUrl\":\"https:\/\/www.vyskilluj.sk\/wp-content\/uploads\/2025\/07\/logo-uvod-1-1024x304.png\",\"datePublished\":\"2025-07-16T17:05:11+00:00\",\"dateModified\":\"2025-11-22T19:57:07+00:00\",\"breadcrumb\":{\"@id\":\"https:\/\/www.vyskilluj.sk\/demo1#breadcrumb\"},\"inLanguage\":\"en-US\",\"potentialAction\":[{\"@type\":\"ReadAction\",\"target\":[\"https:\/\/www.vyskilluj.sk\/demo1\"]}]},{\"@type\":\"ImageObject\",\"inLanguage\":\"en-US\",\"@id\":\"https:\/\/www.vyskilluj.sk\/demo1#primaryimage\",\"url\":\"https:\/\/www.vyskilluj.sk\/wp-content\/uploads\/2025\/07\/logo-uvod-1-1024x304.png\",\"contentUrl\":\"https:\/\/www.vyskilluj.sk\/wp-content\/uploads\/2025\/07\/logo-uvod-1-1024x304.png\"},{\"@type\":\"BreadcrumbList\",\"@id\":\"https:\/\/www.vyskilluj.sk\/demo1#breadcrumb\",\"itemListElement\":[{\"@type\":\"ListItem\",\"position\":1,\"name\":\"Domovsk\u00e1 str\u00e1nka\",\"item\":\"https:\/\/www.vyskilluj.sk\/\"},{\"@type\":\"ListItem\",\"position\":2,\"name\":\"demo1\"}]},{\"@type\":\"WebSite\",\"@id\":\"https:\/\/www.vyskilluj.sk\/#website\",\"url\":\"https:\/\/www.vyskilluj.sk\/\",\"name\":\"Vyskilluj\",\"description\":\"Interakt\u00edvne pr\u00edbehy pre rozvoj det\u00ed\",\"publisher\":{\"@id\":\"https:\/\/www.vyskilluj.sk\/#organization\"},\"potentialAction\":[{\"@type\":\"SearchAction\",\"target\":{\"@type\":\"EntryPoint\",\"urlTemplate\":\"https:\/\/www.vyskilluj.sk\/?s={search_term_string}\"},\"query-input\":{\"@type\":\"PropertyValueSpecification\",\"valueRequired\":true,\"valueName\":\"search_term_string\"}}],\"inLanguage\":\"en-US\"},{\"@type\":\"Organization\",\"@id\":\"https:\/\/www.vyskilluj.sk\/#organization\",\"name\":\"Vyskilluj\",\"url\":\"https:\/\/www.vyskilluj.sk\/\",\"logo\":{\"@type\":\"ImageObject\",\"inLanguage\":\"en-US\",\"@id\":\"https:\/\/www.vyskilluj.sk\/#\/schema\/logo\/image\/\",\"url\":\"https:\/\/www.vyskilluj.sk\/wp-content\/uploads\/2025\/07\/logo-na-web.png\",\"contentUrl\":\"https:\/\/www.vyskilluj.sk\/wp-content\/uploads\/2025\/07\/logo-na-web.png\",\"width\":350,\"height\":100,\"caption\":\"Vyskilluj\"},\"image\":{\"@id\":\"https:\/\/www.vyskilluj.sk\/#\/schema\/logo\/image\/\"}}]}<\/script>\n<!-- \/ Yoast SEO plugin. -->","yoast_head_json":{"title":"demo1 - Vyskilluj","robots":{"index":"index","follow":"follow","max-snippet":"max-snippet:-1","max-image-preview":"max-image-preview:large","max-video-preview":"max-video-preview:-1"},"canonical":"https:\/\/www.vyskilluj.sk\/en\/demo1\/","og_locale":"en_US","og_type":"article","og_title":"demo1 - Vyskilluj","og_description":"U\u017e si len krok od spustenia demo verzie! Na z\u00edskanie pr\u00edstupu k demo verzii Vyskilluj zadaj pros\u00edm svoj email aby sme \u0165a mohli informova\u0165 o novink\u00e1ch v projekte. Kliknut\u00edm na &#8222;Pokra\u010dova\u0165&#8220; s\u00fahlas\u00ed\u0161 so spracovan\u00edm osobn\u00fdch \u00fadajov pod\u013ea na\u0161ich podmienok, ktor\u00e9 n\u00e1jde\u0161 tu.","og_url":"https:\/\/www.vyskilluj.sk\/en\/demo1\/","og_site_name":"Vyskilluj","article_modified_time":"2025-11-22T19:57:07+00:00","og_image":[{"url":"https:\/\/www.vyskilluj.sk\/wp-content\/uploads\/2025\/07\/logo-uvod-1-1024x304.png","type":"","width":"","height":""}],"twitter_card":"summary_large_image","twitter_misc":{"Est. reading time":"1 minute"},"schema":{"@context":"https:\/\/schema.org","@graph":[{"@type":"WebPage","@id":"https:\/\/www.vyskilluj.sk\/demo1","url":"https:\/\/www.vyskilluj.sk\/demo1","name":"demo1 - Vyskilluj","isPartOf":{"@id":"https:\/\/www.vyskilluj.sk\/#website"},"primaryImageOfPage":{"@id":"https:\/\/www.vyskilluj.sk\/demo1#primaryimage"},"image":{"@id":"https:\/\/www.vyskilluj.sk\/demo1#primaryimage"},"thumbnailUrl":"https:\/\/www.vyskilluj.sk\/wp-content\/uploads\/2025\/07\/logo-uvod-1-1024x304.png","datePublished":"2025-07-16T17:05:11+00:00","dateModified":"2025-11-22T19:57:07+00:00","breadcrumb":{"@id":"https:\/\/www.vyskilluj.sk\/demo1#breadcrumb"},"inLanguage":"en-US","potentialAction":[{"@type":"ReadAction","target":["https:\/\/www.vyskilluj.sk\/demo1"]}]},{"@type":"ImageObject","inLanguage":"en-US","@id":"https:\/\/www.vyskilluj.sk\/demo1#primaryimage","url":"https:\/\/www.vyskilluj.sk\/wp-content\/uploads\/2025\/07\/logo-uvod-1-1024x304.png","contentUrl":"https:\/\/www.vyskilluj.sk\/wp-content\/uploads\/2025\/07\/logo-uvod-1-1024x304.png"},{"@type":"BreadcrumbList","@id":"https:\/\/www.vyskilluj.sk\/demo1#breadcrumb","itemListElement":[{"@type":"ListItem","position":1,"name":"Domovsk\u00e1 str\u00e1nka","item":"https:\/\/www.vyskilluj.sk\/"},{"@type":"ListItem","position":2,"name":"demo1"}]},{"@type":"WebSite","@id":"https:\/\/www.vyskilluj.sk\/#website","url":"https:\/\/www.vyskilluj.sk\/","name":"Vyskilluj","description":"Interakt\u00edvne pr\u00edbehy pre rozvoj det\u00ed","publisher":{"@id":"https:\/\/www.vyskilluj.sk\/#organization"},"potentialAction":[{"@type":"SearchAction","target":{"@type":"EntryPoint","urlTemplate":"https:\/\/www.vyskilluj.sk\/?s={search_term_string}"},"query-input":{"@type":"PropertyValueSpecification","valueRequired":true,"valueName":"search_term_string"}}],"inLanguage":"en-US"},{"@type":"Organization","@id":"https:\/\/www.vyskilluj.sk\/#organization","name":"Vyskilluj","url":"https:\/\/www.vyskilluj.sk\/","logo":{"@type":"ImageObject","inLanguage":"en-US","@id":"https:\/\/www.vyskilluj.sk\/#\/schema\/logo\/image\/","url":"https:\/\/www.vyskilluj.sk\/wp-content\/uploads\/2025\/07\/logo-na-web.png","contentUrl":"https:\/\/www.vyskilluj.sk\/wp-content\/uploads\/2025\/07\/logo-na-web.png","width":350,"height":100,"caption":"Vyskilluj"},"image":{"@id":"https:\/\/www.vyskilluj.sk\/#\/schema\/logo\/image\/"}}]}},"_links":{"self":[{"href":"https:\/\/www.vyskilluj.sk\/en\/wp-json\/wp\/v2\/pages\/262","targetHints":{"allow":["GET"]}}],"collection":[{"href":"https:\/\/www.vyskilluj.sk\/en\/wp-json\/wp\/v2\/pages"}],"about":[{"href":"https:\/\/www.vyskilluj.sk\/en\/wp-json\/wp\/v2\/types\/page"}],"author":[{"embeddable":true,"href":"https:\/\/www.vyskilluj.sk\/en\/wp-json\/wp\/v2\/users\/1"}],"replies":[{"embeddable":true,"href":"https:\/\/www.vyskilluj.sk\/en\/wp-json\/wp\/v2\/comments?post=262"}],"version-history":[{"count":0,"href":"https:\/\/www.vyskilluj.sk\/en\/wp-json\/wp\/v2\/pages\/262\/revisions"}],"wp:attachment":[{"href":"https:\/\/www.vyskilluj.sk\/en\/wp-json\/wp\/v2\/media?parent=262"}],"curies":[{"name":"wp","href":"https:\/\/api.w.org\/{rel}","templated":true}]}}