{"id":335,"date":"2025-07-16T18:45:02","date_gmt":"2025-07-16T18:45:02","guid":{"rendered":"https:\/\/www.vyskilluj.sk\/?page_id=335"},"modified":"2026-03-17T19:29:15","modified_gmt":"2026-03-17T19:29:15","slug":"o-nas","status":"publish","type":"page","link":"https:\/\/www.vyskilluj.sk\/en\/o-nas","title":{"rendered":"About us"},"content":{"rendered":"<div data-elementor-type=\"wp-page\" data-elementor-id=\"335\" class=\"elementor elementor-335\">\n\t\t\t\t<div class=\"elementor-element elementor-element-2f2e9f8 e-flex e-con-boxed e-con e-parent\" data-id=\"2f2e9f8\" data-element_type=\"container\" data-settings=\"{&quot;background_background&quot;:&quot;gradient&quot;}\">\n\t\t\t\t\t<div class=\"e-con-inner\">\n\t\t\t\t<div class=\"elementor-element elementor-element-71b5e50 elementor-widget elementor-widget-image\" data-id=\"71b5e50\" data-element_type=\"widget\" data-widget_type=\"image.default\">\n\t\t\t\t\t\t\t\t\t\t\t\t\t\t\t<img fetchpriority=\"high\" decoding=\"async\" width=\"800\" height=\"238\" src=\"https:\/\/www.vyskilluj.sk\/wp-content\/uploads\/2025\/07\/logo-uvod-1-1024x304.png\" class=\"attachment-large size-large wp-image-140\" alt=\"\" srcset=\"https:\/\/www.vyskilluj.sk\/wp-content\/uploads\/2025\/07\/logo-uvod-1-1024x304.png 1024w, https:\/\/www.vyskilluj.sk\/wp-content\/uploads\/2025\/07\/logo-uvod-1-300x89.png 300w, https:\/\/www.vyskilluj.sk\/wp-content\/uploads\/2025\/07\/logo-uvod-1-768x228.png 768w, https:\/\/www.vyskilluj.sk\/wp-content\/uploads\/2025\/07\/logo-uvod-1-1536x456.png 1536w, https:\/\/www.vyskilluj.sk\/wp-content\/uploads\/2025\/07\/logo-uvod-1-2048x608.png 2048w\" sizes=\"(max-width: 800px) 100vw, 800px\" \/>\t\t\t\t\t\t\t\t\t\t\t\t\t\t\t<\/div>\n\t\t<div class=\"elementor-element elementor-element-65749f3 e-con-full e-flex e-con e-child\" data-id=\"65749f3\" data-element_type=\"container\" data-settings=\"{&quot;background_background&quot;:&quot;classic&quot;}\">\n\t\t\t\t<div class=\"elementor-element elementor-element-f4fda54 elementor-widget elementor-widget-text-editor\" data-id=\"f4fda54\" data-element_type=\"widget\" data-widget_type=\"text-editor.default\">\n\t\t\t\t\t\t\t\t\t<p class=\"p1\"><span class=\"s1\"><b>Vyskilluj je inovat\u00edvna spolo\u010dnos\u0165 zameran\u00e1 na bud\u00facnos\u0165 zdrav\u00e9ho rozvoja det\u00ed.<\/b><\/span> We combine modern technology, movement, and artificial intelligence to create unique solutions for the healthy physical and mental development of the youngest generation.<\/p>\n<p class=\"p1\">In our products, we combine <strong>fun stories, interactive exercises, and intelligent technologies<\/strong> tak, aby deti r\u00e1stli v pohybe, hravo a s \u00fasmevom. Sme tam, kde sa digit\u00e1lny svet stret\u00e1va so skuto\u010dn\u00fdm pohybom \u2013 a kde hry nie s\u00fa \u017er\u00fat \u010dasu ale prostriedok na budovanie pozit\u00edvnych zvykov na cel\u00fd \u017eivot.<\/p>\t\t\t\t\t\t\t\t<\/div>\n\t\t\t\t<\/div>\n\t\t\t\t\t<\/div>\n\t\t\t\t<\/div>\n\t\t<div class=\"elementor-element elementor-element-b7a74cb e-flex e-con-boxed e-con e-parent\" data-id=\"b7a74cb\" data-element_type=\"container\" data-settings=\"{&quot;background_background&quot;:&quot;classic&quot;}\">\n\t\t\t\t\t<div class=\"e-con-inner\">\n\t\t<div class=\"elementor-element elementor-element-a07ece1 e-con-full e-flex e-con e-child\" data-id=\"a07ece1\" data-element_type=\"container\" data-settings=\"{&quot;background_background&quot;:&quot;classic&quot;}\">\n\t\t\t\t<div class=\"elementor-element elementor-element-0a3c4cb elementor-widget elementor-widget-heading\" data-id=\"0a3c4cb\" data-element_type=\"widget\" data-settings=\"{&quot;_animation&quot;:&quot;none&quot;}\" data-widget_type=\"heading.default\">\n\t\t\t\t\t<h1 class=\"elementor-heading-title elementor-size-default\">Mgr. Pavol Ban\u00e1\u0161<\/h1>\t\t\t\t<\/div>\n\t\t\t\t<div class=\"elementor-element elementor-element-30ec8a9b elementor-widget elementor-widget-heading\" data-id=\"30ec8a9b\" data-element_type=\"widget\" data-settings=\"{&quot;_animation&quot;:&quot;none&quot;}\" data-widget_type=\"heading.default\">\n\t\t\t\t\t<h1 class=\"elementor-heading-title elementor-size-default\">Founder of  Vyskilluj<\/h1>\t\t\t\t<\/div>\n\t\t\t\t<div class=\"elementor-element elementor-element-c15f781 elementor-widget elementor-widget-text-editor\" data-id=\"c15f781\" data-element_type=\"widget\" data-settings=\"{&quot;_animation&quot;:&quot;none&quot;}\" data-widget_type=\"text-editor.default\">\n\t\t\t\t\t\t\t\t\t<p class=\"p1\"><b>When I was in elementary school, I was diagnosed with early-stage scoliosis.<\/b><\/p><p class=\"p2\">I had to do boring exercises every day, and I know very well how hard it was\u2014for me and my parents\u2014to maintain discipline and motivation. During my teenage years, my relationship with movement completely changed, and for several years I fully dedicated myself to competitive road cycling\u2014I lived the life of a professional athlete.<\/p><p class=\"p2\">Po maturite som vy\u0161tudoval masmedi\u00e1lnu komunik\u00e1ciu na FMK UCM v Trnave a za\u010dal tvori\u0165 vide\u00e1 ako freelancer videomaker.<\/p><p class=\"p1\"><b>The Vyskilluj project brings together all my life experiences into one unified vision.<\/b><\/p><p class=\"p2\">My dream is to create a platform that makes every child realize that sports are fun\u2014not a chore. I want all children to move joyfully every day, experience adventures, and at the same time develop their body, mind, and character.<\/p><p class=\"p2 translation-block\">And when I say <i>all children<i>, I truly mean everyone\u2014including children with special needs or physical disabilities. In high school, I had a classmate in a wheelchair, so I know firsthand the challenges of inclusion. That\u2019s why this part of the Vyskilluj project is especially important to me.<\/p><p class=\"p2\">I consult the Vyskilluj project with experts from various fields and am always happy to connect with anyone who has ideas, tips, or advice for improvement.<\/p><p class=\"p2\">If you\u2019d like to support the Vyskilluj project, please contact me via email. <span class=\"s1\"><b>pavol@vyskilluj.sk<\/b><\/span> \u2014I\u2019d be happy to talk with you. \ud83d\ude0a<\/p>\t\t\t\t\t\t\t\t<\/div>\n\t\t\t\t<\/div>\n\t\t<div class=\"elementor-element elementor-element-82defa2 e-con-full e-flex e-con e-child\" data-id=\"82defa2\" data-element_type=\"container\">\n\t\t\t\t<div class=\"elementor-element elementor-element-83fd02c elementor-widget elementor-widget-image\" data-id=\"83fd02c\" data-element_type=\"widget\" data-widget_type=\"image.default\">\n\t\t\t\t\t\t\t\t\t\t\t\t\t\t\t<img decoding=\"async\" width=\"800\" height=\"971\" src=\"https:\/\/www.vyskilluj.sk\/wp-content\/uploads\/2025\/07\/PAvol-Banas-844x1024.jpg\" class=\"attachment-large size-large wp-image-338\" alt=\"\" srcset=\"https:\/\/www.vyskilluj.sk\/wp-content\/uploads\/2025\/07\/PAvol-Banas-844x1024.jpg 844w, https:\/\/www.vyskilluj.sk\/wp-content\/uploads\/2025\/07\/PAvol-Banas-247x300.jpg 247w, https:\/\/www.vyskilluj.sk\/wp-content\/uploads\/2025\/07\/PAvol-Banas-768x931.jpg 768w, https:\/\/www.vyskilluj.sk\/wp-content\/uploads\/2025\/07\/PAvol-Banas-1267x1536.jpg 1267w, https:\/\/www.vyskilluj.sk\/wp-content\/uploads\/2025\/07\/PAvol-Banas.jpg 1650w\" sizes=\"(max-width: 800px) 100vw, 800px\" \/>\t\t\t\t\t\t\t\t\t\t\t\t\t\t\t<\/div>\n\t\t\t\t<\/div>\n\t\t\t\t\t<\/div>\n\t\t\t\t<\/div>\n\t\t\t\t<\/div>","protected":false},"excerpt":{"rendered":"<p>Vyskilluj je inovat\u00edvna spolo\u010dnos\u0165 zameran\u00e1 na bud\u00facnos\u0165 zdrav\u00e9ho rozvoja det\u00ed. Prep\u00e1jame modern\u00e9 technol\u00f3gie, pohyb a umel\u00fa inteligenciu, aby sme vytv\u00e1rali jedine\u010dn\u00e9 rie\u0161enia pre zdrav\u00fd fyzick\u00fd a ment\u00e1lny rozvoj najmlad\u0161ej gener\u00e1cie. V na\u0161ich produktoch sp\u00e1jame z\u00e1bavn\u00e9 pr\u00edbehy, interakt\u00edvne cvi\u010denia a inteligentn\u00e9 technol\u00f3gie tak, aby deti r\u00e1stli v pohybe, hravo a s \u00fasmevom. Sme tam, kde sa [&hellip;]<\/p>","protected":false},"author":1,"featured_media":0,"parent":0,"menu_order":0,"comment_status":"closed","ping_status":"closed","template":"","meta":{"footnotes":""},"class_list":["post-335","page","type-page","status-publish","hentry"],"yoast_head":"<!-- This site is optimized with the Yoast SEO plugin v25.5 - https:\/\/yoast.com\/wordpress\/plugins\/seo\/ -->\n<title>O n\u00e1s - Vyskilluj<\/title>\n<meta name=\"robots\" content=\"index, follow, max-snippet:-1, max-image-preview:large, max-video-preview:-1\" \/>\n<link rel=\"canonical\" href=\"https:\/\/www.vyskilluj.sk\/en\/o-nas\/\" \/>\n<meta property=\"og:locale\" content=\"en_US\" \/>\n<meta property=\"og:type\" content=\"article\" \/>\n<meta property=\"og:title\" content=\"O n\u00e1s - Vyskilluj\" \/>\n<meta property=\"og:description\" content=\"Vyskilluj je inovat\u00edvna spolo\u010dnos\u0165 zameran\u00e1 na bud\u00facnos\u0165 zdrav\u00e9ho rozvoja det\u00ed. Prep\u00e1jame modern\u00e9 technol\u00f3gie, pohyb a umel\u00fa inteligenciu, aby sme vytv\u00e1rali jedine\u010dn\u00e9 rie\u0161enia pre zdrav\u00fd fyzick\u00fd a ment\u00e1lny rozvoj najmlad\u0161ej gener\u00e1cie. V na\u0161ich produktoch sp\u00e1jame z\u00e1bavn\u00e9 pr\u00edbehy, interakt\u00edvne cvi\u010denia a inteligentn\u00e9 technol\u00f3gie tak, aby deti r\u00e1stli v pohybe, hravo a s \u00fasmevom. Sme tam, kde sa [&hellip;]\" \/>\n<meta property=\"og:url\" content=\"https:\/\/www.vyskilluj.sk\/en\/o-nas\/\" \/>\n<meta property=\"og:site_name\" content=\"Vyskilluj\" \/>\n<meta property=\"article:modified_time\" content=\"2026-03-17T19:29:15+00:00\" \/>\n<meta property=\"og:image\" content=\"https:\/\/www.vyskilluj.sk\/wp-content\/uploads\/2025\/07\/logo-uvod-1-scaled.png\" \/>\n\t<meta property=\"og:image:width\" content=\"2560\" \/>\n\t<meta property=\"og:image:height\" content=\"760\" \/>\n\t<meta property=\"og:image:type\" content=\"image\/png\" \/>\n<meta name=\"twitter:card\" content=\"summary_large_image\" \/>\n<meta name=\"twitter:label1\" content=\"Est. reading time\" \/>\n\t<meta name=\"twitter:data1\" content=\"2 minutes\" \/>\n<script type=\"application\/ld+json\" class=\"yoast-schema-graph\">{\"@context\":\"https:\/\/schema.org\",\"@graph\":[{\"@type\":\"WebPage\",\"@id\":\"https:\/\/www.vyskilluj.sk\/o-nas\",\"url\":\"https:\/\/www.vyskilluj.sk\/o-nas\",\"name\":\"O n\u00e1s - Vyskilluj\",\"isPartOf\":{\"@id\":\"https:\/\/www.vyskilluj.sk\/#website\"},\"primaryImageOfPage\":{\"@id\":\"https:\/\/www.vyskilluj.sk\/o-nas#primaryimage\"},\"image\":{\"@id\":\"https:\/\/www.vyskilluj.sk\/o-nas#primaryimage\"},\"thumbnailUrl\":\"https:\/\/www.vyskilluj.sk\/wp-content\/uploads\/2025\/07\/logo-uvod-1-1024x304.png\",\"datePublished\":\"2025-07-16T18:45:02+00:00\",\"dateModified\":\"2026-03-17T19:29:15+00:00\",\"breadcrumb\":{\"@id\":\"https:\/\/www.vyskilluj.sk\/o-nas#breadcrumb\"},\"inLanguage\":\"en-US\",\"potentialAction\":[{\"@type\":\"ReadAction\",\"target\":[\"https:\/\/www.vyskilluj.sk\/o-nas\"]}]},{\"@type\":\"ImageObject\",\"inLanguage\":\"en-US\",\"@id\":\"https:\/\/www.vyskilluj.sk\/o-nas#primaryimage\",\"url\":\"https:\/\/www.vyskilluj.sk\/wp-content\/uploads\/2025\/07\/logo-uvod-1-1024x304.png\",\"contentUrl\":\"https:\/\/www.vyskilluj.sk\/wp-content\/uploads\/2025\/07\/logo-uvod-1-1024x304.png\"},{\"@type\":\"BreadcrumbList\",\"@id\":\"https:\/\/www.vyskilluj.sk\/o-nas#breadcrumb\",\"itemListElement\":[{\"@type\":\"ListItem\",\"position\":1,\"name\":\"Domovsk\u00e1 str\u00e1nka\",\"item\":\"https:\/\/www.vyskilluj.sk\/\"},{\"@type\":\"ListItem\",\"position\":2,\"name\":\"O n\u00e1s\"}]},{\"@type\":\"WebSite\",\"@id\":\"https:\/\/www.vyskilluj.sk\/#website\",\"url\":\"https:\/\/www.vyskilluj.sk\/\",\"name\":\"Vyskilluj\",\"description\":\"Interakt\u00edvne pr\u00edbehy pre rozvoj det\u00ed\",\"publisher\":{\"@id\":\"https:\/\/www.vyskilluj.sk\/#organization\"},\"potentialAction\":[{\"@type\":\"SearchAction\",\"target\":{\"@type\":\"EntryPoint\",\"urlTemplate\":\"https:\/\/www.vyskilluj.sk\/?s={search_term_string}\"},\"query-input\":{\"@type\":\"PropertyValueSpecification\",\"valueRequired\":true,\"valueName\":\"search_term_string\"}}],\"inLanguage\":\"en-US\"},{\"@type\":\"Organization\",\"@id\":\"https:\/\/www.vyskilluj.sk\/#organization\",\"name\":\"Vyskilluj\",\"url\":\"https:\/\/www.vyskilluj.sk\/\",\"logo\":{\"@type\":\"ImageObject\",\"inLanguage\":\"en-US\",\"@id\":\"https:\/\/www.vyskilluj.sk\/#\/schema\/logo\/image\/\",\"url\":\"https:\/\/www.vyskilluj.sk\/wp-content\/uploads\/2025\/07\/logo-na-web.png\",\"contentUrl\":\"https:\/\/www.vyskilluj.sk\/wp-content\/uploads\/2025\/07\/logo-na-web.png\",\"width\":350,\"height\":100,\"caption\":\"Vyskilluj\"},\"image\":{\"@id\":\"https:\/\/www.vyskilluj.sk\/#\/schema\/logo\/image\/\"}}]}<\/script>\n<!-- \/ Yoast SEO plugin. -->","yoast_head_json":{"title":"O n\u00e1s - Vyskilluj","robots":{"index":"index","follow":"follow","max-snippet":"max-snippet:-1","max-image-preview":"max-image-preview:large","max-video-preview":"max-video-preview:-1"},"canonical":"https:\/\/www.vyskilluj.sk\/en\/o-nas\/","og_locale":"en_US","og_type":"article","og_title":"O n\u00e1s - Vyskilluj","og_description":"Vyskilluj je inovat\u00edvna spolo\u010dnos\u0165 zameran\u00e1 na bud\u00facnos\u0165 zdrav\u00e9ho rozvoja det\u00ed. Prep\u00e1jame modern\u00e9 technol\u00f3gie, pohyb a umel\u00fa inteligenciu, aby sme vytv\u00e1rali jedine\u010dn\u00e9 rie\u0161enia pre zdrav\u00fd fyzick\u00fd a ment\u00e1lny rozvoj najmlad\u0161ej gener\u00e1cie. V na\u0161ich produktoch sp\u00e1jame z\u00e1bavn\u00e9 pr\u00edbehy, interakt\u00edvne cvi\u010denia a inteligentn\u00e9 technol\u00f3gie tak, aby deti r\u00e1stli v pohybe, hravo a s \u00fasmevom. Sme tam, kde sa [&hellip;]","og_url":"https:\/\/www.vyskilluj.sk\/en\/o-nas\/","og_site_name":"Vyskilluj","article_modified_time":"2026-03-17T19:29:15+00:00","og_image":[{"width":2560,"height":760,"url":"https:\/\/www.vyskilluj.sk\/wp-content\/uploads\/2025\/07\/logo-uvod-1-scaled.png","type":"image\/png"}],"twitter_card":"summary_large_image","twitter_misc":{"Est. reading time":"2 minutes"},"schema":{"@context":"https:\/\/schema.org","@graph":[{"@type":"WebPage","@id":"https:\/\/www.vyskilluj.sk\/o-nas","url":"https:\/\/www.vyskilluj.sk\/o-nas","name":"O n\u00e1s - Vyskilluj","isPartOf":{"@id":"https:\/\/www.vyskilluj.sk\/#website"},"primaryImageOfPage":{"@id":"https:\/\/www.vyskilluj.sk\/o-nas#primaryimage"},"image":{"@id":"https:\/\/www.vyskilluj.sk\/o-nas#primaryimage"},"thumbnailUrl":"https:\/\/www.vyskilluj.sk\/wp-content\/uploads\/2025\/07\/logo-uvod-1-1024x304.png","datePublished":"2025-07-16T18:45:02+00:00","dateModified":"2026-03-17T19:29:15+00:00","breadcrumb":{"@id":"https:\/\/www.vyskilluj.sk\/o-nas#breadcrumb"},"inLanguage":"en-US","potentialAction":[{"@type":"ReadAction","target":["https:\/\/www.vyskilluj.sk\/o-nas"]}]},{"@type":"ImageObject","inLanguage":"en-US","@id":"https:\/\/www.vyskilluj.sk\/o-nas#primaryimage","url":"https:\/\/www.vyskilluj.sk\/wp-content\/uploads\/2025\/07\/logo-uvod-1-1024x304.png","contentUrl":"https:\/\/www.vyskilluj.sk\/wp-content\/uploads\/2025\/07\/logo-uvod-1-1024x304.png"},{"@type":"BreadcrumbList","@id":"https:\/\/www.vyskilluj.sk\/o-nas#breadcrumb","itemListElement":[{"@type":"ListItem","position":1,"name":"Domovsk\u00e1 str\u00e1nka","item":"https:\/\/www.vyskilluj.sk\/"},{"@type":"ListItem","position":2,"name":"O n\u00e1s"}]},{"@type":"WebSite","@id":"https:\/\/www.vyskilluj.sk\/#website","url":"https:\/\/www.vyskilluj.sk\/","name":"Vyskilluj","description":"Interakt\u00edvne pr\u00edbehy pre rozvoj det\u00ed","publisher":{"@id":"https:\/\/www.vyskilluj.sk\/#organization"},"potentialAction":[{"@type":"SearchAction","target":{"@type":"EntryPoint","urlTemplate":"https:\/\/www.vyskilluj.sk\/?s={search_term_string}"},"query-input":{"@type":"PropertyValueSpecification","valueRequired":true,"valueName":"search_term_string"}}],"inLanguage":"en-US"},{"@type":"Organization","@id":"https:\/\/www.vyskilluj.sk\/#organization","name":"Vyskilluj","url":"https:\/\/www.vyskilluj.sk\/","logo":{"@type":"ImageObject","inLanguage":"en-US","@id":"https:\/\/www.vyskilluj.sk\/#\/schema\/logo\/image\/","url":"https:\/\/www.vyskilluj.sk\/wp-content\/uploads\/2025\/07\/logo-na-web.png","contentUrl":"https:\/\/www.vyskilluj.sk\/wp-content\/uploads\/2025\/07\/logo-na-web.png","width":350,"height":100,"caption":"Vyskilluj"},"image":{"@id":"https:\/\/www.vyskilluj.sk\/#\/schema\/logo\/image\/"}}]}},"_links":{"self":[{"href":"https:\/\/www.vyskilluj.sk\/en\/wp-json\/wp\/v2\/pages\/335","targetHints":{"allow":["GET"]}}],"collection":[{"href":"https:\/\/www.vyskilluj.sk\/en\/wp-json\/wp\/v2\/pages"}],"about":[{"href":"https:\/\/www.vyskilluj.sk\/en\/wp-json\/wp\/v2\/types\/page"}],"author":[{"embeddable":true,"href":"https:\/\/www.vyskilluj.sk\/en\/wp-json\/wp\/v2\/users\/1"}],"replies":[{"embeddable":true,"href":"https:\/\/www.vyskilluj.sk\/en\/wp-json\/wp\/v2\/comments?post=335"}],"version-history":[{"count":0,"href":"https:\/\/www.vyskilluj.sk\/en\/wp-json\/wp\/v2\/pages\/335\/revisions"}],"wp:attachment":[{"href":"https:\/\/www.vyskilluj.sk\/en\/wp-json\/wp\/v2\/media?parent=335"}],"curies":[{"name":"wp","href":"https:\/\/api.w.org\/{rel}","templated":true}]}}